{"id":1188,"date":"2018-06-20T14:51:30","date_gmt":"2018-06-20T12:51:30","guid":{"rendered":"http:\/\/tps-trauma.org\/?page_id=1188"},"modified":"2021-10-28T17:49:06","modified_gmt":"2021-10-28T15:49:06","slug":"temoignages","status":"publish","type":"page","link":"https:\/\/tps-trauma.org\/index.php\/temoignages\/","title":{"rendered":"T\u00e9moignages"},"content":{"rendered":"\n<script async=\"\" src=\"https:\/\/www.googletagmanager.com\/gtag\/js?id=UA-53267311-2\"><\/script>\n<script>\n  window.dataLayer = window.dataLayer || [];\n  function gtag(){dataLayer.push(arguments);}\n  gtag('js', new Date());\n\n  gtag('config', 'UA-53267311-2');\n<\/script>\n\n\n<div id=\"primary\" class=\"content-area\">\n<article>\n<h2>T\u00e9moignages de personnes (\u00e0 partir du plus ancien)<\/h2>\n<p><strong>Marie-Jos\u00e9 (2000)<\/strong><\/p>\n<p>\u00ab Ch\u00e8re Docteur L\u00e9n\u00e8s,<br \/>Encore tous mes remerciements pour ce que vous avez fait pour moi. Je vous l&rsquo;ai d\u00e9j\u00e0 dit, vous avez chang\u00e9 ma vie. <br \/>Lors de nos premi\u00e8res s\u00e9ances en 2000, j&rsquo;ai senti que tout mon corps r\u00e9agissait \u00e0 cette m\u00e9thode. J&rsquo;ai le souvenir d&rsquo;une s\u00e9ance particuli\u00e8rement importante lors de laquelle j&rsquo;ai finalement r\u00e9ussi \u00e0 parler des agressions sexuelles que j&rsquo;avais subies enfant (lors du proc\u00e8s l&rsquo;agresseur, l&rsquo;\u00e9poux de ma grand-m\u00e8re, avait reconnu avoir commenc\u00e9 ses m\u00e9faits lorsque j&rsquo;\u00e9tais b\u00e9b\u00e9, avant l&rsquo;\u00e2ge de marcher :\u00a0 j&rsquo;ai march\u00e9 \u00e0 10 mois). Lors de cette s\u00e9ance, les sensations, odeurs, bruits et tous les sens ont \u00e9t\u00e9 mobilis\u00e9s. En sortant de votre cabinet mon corps a trembl\u00e9 pendant pr\u00e8s d&rsquo;une heure. Mon corps \u00e9tait boulevers\u00e9, mais je ne pouvais pas dire si c&rsquo;\u00e9tait positif ou n\u00e9gatif. Puis, la d\u00e9livrance, un poids \u00e9tait lev\u00e9 comme par magie.<br \/>Cela a marqu\u00e9 le d\u00e9but d&rsquo;une aventure incroyable lors de laquelle j&rsquo;ai appris, me suis lib\u00e9r\u00e9e et ai finalement commenc\u00e9 \u00e0 vivre, alors que j&rsquo;avais le sentiment de ne faire que survivre avant cela.<br \/>Un grand merci d&rsquo;avoir chang\u00e9 ma vie ! <span style=\"color: #888888;\">\u00bb<\/span><\/p>\n<p><strong>\u00c9lisabeth (2012)<br \/><\/strong><\/p>\n<\/article>\n<article id=\"post-1186\" class=\"post-1186 page type-page status-publish hentry\">\u00ab J\u2019ai \u00e9t\u00e9 victime d\u2019un viol par un inconnu. Il m\u2019est tomb\u00e9 dessus \u00e0 la porte de mon immeuble un soir, il a commenc\u00e9 par m\u2019\u00e9trangler et me dire qu\u2019il allait m\u2019\u00e9gorger. S\u2019ensuivirent 6 heures de viols, de menaces et de discussions sur le palier de l\u2019\u00e9tage de l\u2019immeuble. J\u2019avais la certitude qu\u2019il pouvait me tuer (ce qui a \u00e9t\u00e9 confirm\u00e9 par les psychiatres qui l\u2019ont expertis\u00e9 et lors du proc\u00e8s, il a \u00e9t\u00e9 condamn\u00e9 \u00e0 30 ans de prison), les viols \u00e9taient presque accessoires, ma seule id\u00e9e \u00e9tait d\u2019en sortir vivante.<br \/>Lorsque j\u2019ai port\u00e9 plainte, j\u2019ai rencontr\u00e9 la psychologue du commissariat qui m\u2019a imm\u00e9diatement orient\u00e9e vers le Dr Marie-Claude L\u00e9n\u00e8s. Elle m\u2019a fait faire une \u00e9chelle de trauma et ensuite un entretien psycho-sensoriel. Cet entretien, durant lequel je lui ai racont\u00e9 mon calvaire et ceux qui ont suivi ont \u00e9t\u00e9 d\u2019un bienfait incroyable. J\u2019\u00e9tais loin d\u2019en esp\u00e9rer autant. Elle m\u2019a expliqu\u00e9 les diff\u00e9rents fonctionnements (aussi ceux de l\u2019agresseur), les m\u00e9canismes que j\u2019ai mis en place pour m\u2019en sortir et j\u2019ai compris certains de mes comportements qui me semblaient incoh\u00e9rents et difficilement explicables : j\u2019ai laiss\u00e9 mon voisin passer \u00e0 cot\u00e9 sans rien dire et en demandant \u00e0 mon agresseur de se rhabiller parce que quelqu\u2019un arrivait, c\u2019est l\u2019exemple le plus parlant. J\u2019avais ainsi le sentiment d\u2019\u00eatre vraiment comprise et de mieux me conna\u00eetre. Le chemin parcouru avec le Dr Marie-Claude L\u00e9n\u00e8s m\u2019a aussi permis de sortir du ressenti de l\u2019agression, de ne pas la revivre continuellement, elle m\u2019a \u00ab d\u00e9samorc\u00e9e \u00bb, \u00e7a enl\u00e8ve un poids \u00e9norme pour la suite qui est bien assez difficile comme \u00e7a ! Je ne pensais pas que c\u2019\u00e9tait possible \u00e7a para\u00eet inconcevable \u00e0 la plupart des gens, m\u00eame pour des professionnels amen\u00e9s \u00e0 travailler quotidiennement avec des victimes. La psychologue qui m\u2019a \u00ab expertis\u00e9e \u00bb dans le cadre de l\u2019instruction 3 mois apr\u00e8s les faits ne comprenait pas que je sois aussi peu traumatis\u00e9e et m\u2019a dit que certaines personnes mettaient 3 ans \u00e0 faire le m\u00eame travail. Comme j\u2019ai vu le Dr Marie-Claude L\u00e9n\u00e8s rapidement, son action a \u00e9t\u00e9 d\u2019autant plus efficace. Je ne comprend pas que la victimologie soit aussi mal connue et reconnue, surtout chez les professionnels. Les id\u00e9es re\u00e7ues et les lieux communs sur le viol ont la dent dure, les r\u00e9actions des victimes peuvent para\u00eetre \u00e9tranges, inappropri\u00e9es. Les circonstances de mon viol, la personnalit\u00e9 de mon agresseur, ma personnalit\u00e9 non affabulatrice\u2026 font que personne n\u2019a jamais mis en cause mon histoire. Je n\u2019ose pas imaginer mon \u00e9tat actuel, si je n\u2019avais pas eu de suivi ad\u00e9quat et si \u00e7a s\u2019\u00e9tait pass\u00e9 apr\u00e8s une soir\u00e9e arros\u00e9e avec mon agresseur ou quand j\u2019avais 10 ans avec mon grand-p\u00e8re. \u00bb\n<p>\u00a0<\/p>\n<p><strong>Franck<\/strong> &#8211; ce texte est l&rsquo;int\u00e9gralit\u00e9 du message re\u00e7u. Un extrait est dans le livre, page 246.<\/p>\n<p><em>Le 18 d\u00e9cembre 2018, soit plus de deux ans apr\u00e8s la fin de la prise en charge TPS, j\u2019ai la surprise de recevoir un message de Frank qui me semble illustrer le r\u00f4le du th\u00e9rapeute en tant que figure d\u2019attachement transitoire mais n\u00e9anmoins d\u00e9terminante pour l\u2019\u00e9volution ult\u00e9rieure :<\/em><br \/>\u00ab Je vous souhaite de bonnes f\u00eates en avance parce que je ne voudrais pas avoir le r\u00f4le de celui qui r\u00e9pond \u00e0 ses messages \u00e0 votre \u00e9gard. Je vous dois tellement que je ne saurai jamais vous remercier comme je l&rsquo;aimerai.<br \/>Vous \u00eates la main qui a plant\u00e9 la graine de ce que je suis maintenant. La terre aride qui m\u2019habitait \u00e0 ce moment l\u00e0 n\u2019a pas r\u00e9sist\u00e9 \u00e0 votre science de la vie. Merci encore du fond du c\u0153ur pour votre v\u00e9rit\u00e9.<br \/>M\u00eame si je sais que le chemin ne sera jamais totalement recouvert de plantes, les quelques fleurs qui y ont germ\u00e9 sont tourn\u00e9es en votre direction.<br \/>Bonne journ\u00e9e<br \/>Franck \u00bb.<\/p>\n<\/article>\n<p><strong>Emma (2021)<\/strong><\/p>\n<p>Je suis all\u00e9e consulter le docteur L\u00e9n\u00e8s en raison de divers probl\u00e8mes que je rencontrais sans parvenir \u00e0 identifier quel \u00e9tait le point central de mon mal \u00eatre.<br \/>De mani\u00e8re g\u00e9n\u00e9rale, je souffrais d\u2019un tr\u00e8s gros manque d\u2019estime et de confiance en moi. J\u2019\u00e9tais \u00e9galement constamment angoiss\u00e9e, je faisais beaucoup de crises de spasmophilie et j\u2019avais parfois des attaques de panique. Cette situation a dur\u00e9e des ann\u00e9es. Je pense que j\u2019\u00e9tais en quelque sorte habitu\u00e9e \u00e0 vivre de cette mani\u00e8re.<br \/>J\u2019ai rencontr\u00e9 diff\u00e9rents psychologues, entrepris diff\u00e9rentes th\u00e9rapies, mais je n\u2019ai jamais senti de v\u00e9ritable changement.<br \/>D\u00e8s la premi\u00e8re s\u00e9ance de psychoth\u00e9rapie avec le Docteur L\u00e9n\u00e8s, lorsque j\u2019ai \u00e9voqu\u00e9 avoir \u00e9t\u00e9 victime d\u2019inceste dans mon enfance, elle m\u2019a fait r\u00e9aliser \u00e0 quel point ces \u00e9v\u00e8nements avaient eu un effet d\u00e9vastateur sur ma sant\u00e9 psychique.<br \/>\u00c0 cette \u00e9poque, il ne s\u2019agissait pour moi, que d\u2019un \u00e9v\u00e8nement parmi d\u2019autres que j\u2019avais v\u00e9cu. J\u2019\u00e9tais consciente du fait que c\u2019\u00e9tait un probl\u00e8me, mais pas du fait que cela constituait la source principale de mon mal \u00eatre. Je pense que jusqu\u2019\u00e0 ce qu\u2019elle l\u2019\u00e9voque, je n\u2019\u00e9tais pas consciente de la gravit\u00e9 de la situation. J\u2019avais comme un voile devant les yeux qui m\u2019emp\u00eachait d\u2019identifier pr\u00e9cis\u00e9ment la source de mes souffrances qui elles \u00e9taient bien pr\u00e9sentes et me g\u00e2chaient la vie.<br \/>Lorsque nous avons commenc\u00e9 la TPS, je ne savais pas o\u00f9 je me dirigeais. J\u2019avais fait des s\u00e9ances de Eye Movement Desensitization and Reprocessing (EMDR) qui n\u2019avaient pas eu d\u2019impact durable sur mon \u00e9tat de sant\u00e9. J\u2019ai tr\u00e8s vite r\u00e9alis\u00e9 que ce serait difficile, car pour la premi\u00e8re fois, j\u2019allais affronter ce mal \u00eatre qui me hantait depuis tant d\u2019ann\u00e9es.<br \/>Ce qui m\u2019a permis d\u2019aller jusqu\u2019au bout, c\u2019est le fait d\u2019\u00eatre accompagn\u00e9e par le docteur L\u00e9n\u00e8s pendant ces s\u00e9ances. Je sentais que chaque question qu\u2019elle me posait \u00e9tait soigneusement r\u00e9fl\u00e9chie. Je lui faisais enti\u00e8rement confiance et pouvais donc partir explorer les recoins les plus sombres de ma m\u00e9moire, car elle \u00e9tait avec moi. Sans elle, je n\u2019aurais pas pu aller affronter ces souvenirs. J\u2019avais l\u2019impression d\u2019\u00eatre dans le noir, de ne pas savoir sur quoi j\u2019allais tomber, mais elle \u00e9tait toujours l\u00e0 pour veiller \u00e0 ce que je ne sois pas bless\u00e9e et que je sois toujours en s\u00e9curit\u00e9.<br \/>Un moment particulier m\u2019a marqu\u00e9. Un jour lors de la troisi\u00e8me ou quatri\u00e8me s\u00e9ance de TPS, j\u2019\u00e9tais d\u00e9sempar\u00e9e, car je doutais de la r\u00e9alit\u00e9 de ce qui m\u2019\u00e9tait arriv\u00e9. Dans la mesure o\u00f9 mon cerveau a occult\u00e9 les \u00e9v\u00e8nements traumatisants qui se sont d\u00e9roul\u00e9s, j\u2019avais (et j\u2019ai encore) des difficult\u00e9s \u00e0 m\u2019en souvenir. Pourtant, mes sens ne mentaient pas et \u00e9taient constamment sollicit\u00e9s. C\u2019est \u00e0 travers les sensations corporelles que je ressentais, et notamment le toucher que je pouvais me rappeler de ce qui s\u2019\u00e9tait pass\u00e9.<br \/>Quand j\u2019ai dit au docteur L\u00e9n\u00e8s que je doutais, car je ne parvenais pas \u00e0 me souvenir de ce qui s\u2019\u00e9tait pass\u00e9 lorsque j\u2019\u00e9tais enfant, elle m\u2019a r\u00e9pondu que tout ce que je ressentais<br \/>physiquement, je ne l\u2019inventais pas, c\u2019\u00e9tait bien r\u00e9el.<br \/>Je pense que c\u2019est un bon exemple pour d\u00e9crire ce qu\u2019est la TPS. C\u2019est \u00e0 l\u2019aide de nos sens que l\u2019on parvient \u00e0 identifier quelque chose que notre cerveau a volontairement effac\u00e9 de notre m\u00e9moire. C\u2019est tellement simple et complexe dans le m\u00eame temps.<br \/>C\u2019est \u00e0 partir de ce moment que j\u2019ai r\u00e9alis\u00e9 que je devais me r\u00e9approprier mon corps et \u00e9couter ce qu\u2019il avait \u00e0 me dire, car c\u2019est l\u00e0 que je trouverais les r\u00e9ponses et la voie de la gu\u00e9rison.<br \/>C\u2019\u00e9tait \u00e9trange et d\u00e9routant au d\u00e9part, car tout est revenu. Des images, des sons, des<br \/>sensations sur ma peau\u2026<br \/>Cette p\u00e9riode a \u00e9t\u00e9 difficile pour moi, mais sans cela, je ne serai pas arriv\u00e9 \u00e0 dig\u00e9rer ces<br \/>souvenirs bloqu\u00e9s dans ma m\u00e9moire traumatique.<br \/>Au fil des semaines, j\u2019ai commenc\u00e9 \u00e0 me sentir plus apais\u00e9e et tout prenait enfin son sens.<br \/>J\u2019ai tout compris. Tout s\u2019est expliqu\u00e9. J\u2019ai compris pourquoi j\u2019\u00e9tais constamment en hyper<br \/>vigilance, pourquoi j\u2019\u00e9tais tout le temps angoiss\u00e9e et apeur\u00e9e. J\u2019avais peur de tout, qu\u2019on me<br \/>fasse du mal notamment.<br \/>Ce qui est assez incroyable c\u2019est qu\u2019au moment o\u00f9 je faisais ma th\u00e9rapie, beaucoup de<br \/>conduites addictives (sucre, cigarette) sont parties, tout naturellement.<br \/>J\u2019ai compris que j\u2019\u00e9tais une personne \u00e0 part enti\u00e8re et au demeurant assez forte pour affronter tout \u00e7a.<br \/>Le constat apr\u00e8s la TPS c\u2019est que ma vie a totalement chang\u00e9. Ces mots peuvent para\u00eetre assez abstraits, je l\u2019entends, mais je ne peux pas trouver d\u2019autres termes pour d\u00e9crire les effets de la TPS sur moi. C\u2019est assez difficile \u00e0 d\u00e9crire tellement c\u2019est naturel. Pour donner une image, je dirais que ma vie est pass\u00e9e du noir et blanc \u00e0 une version color\u00e9e et beaucoup plus belle. Je suis dans l\u2019instant pr\u00e9sent, je n\u2019ai plus \u00e0 fuir. C\u2019est tr\u00e8s agr\u00e9able, j\u2019ai l\u2019impression d\u2019\u00eatre enti\u00e8re.<br \/>Aujourd\u2019hui je ne dis pas que tout est facile, loin de l\u00e0. Mes blessures doivent cicatriser et cela prendra du temps, mais la TPS m\u2019a aid\u00e9e d\u00e9bloquer ces souvenirs traumatisants afin de les affronter et enfin les laisser derri\u00e8re moi. J\u2019ai l\u2019impression d\u2019avoir chass\u00e9 un fant\u00f4me qui me hantait depuis des ann\u00e9es.<br \/>Ce fant\u00f4me pour qu\u2019il parte, il suffisait que je le regarde dans les yeux et que je lui dise que je n\u2019avais plus peur de lui, que tout \u00e9tait termin\u00e9. La TPS m\u2019a permis de l\u2019affronter et de le chasser.<br \/>Je tiens \u00e0 remercier du fond du c\u0153ur le Docteur L\u00e9n\u00e8s pour sa bienveillance et son humanit\u00e9.<br \/>Il y a des rencontres qui peuvent changer une vie et la sienne en fait partie.<\/p>\n<p><strong>\u00c9lodie (2021)<\/strong><\/p>\n<div dir=\"auto\">\n<p dir=\"auto\">Je suis arriv\u00e9e dans le cabinet de Mme L\u00e9n\u00e8s tr\u00e8s dubitative, n&rsquo;y croyant pas vraiment apr\u00e8s avoir essay\u00e9 plusieurs th\u00e9rapies, pendant des ann\u00e9es, sans grand changement. Je me suis pourtant laiss\u00e9e guider dans la TPS, puis au fur et \u00e0 mesure des sc\u00e8nes revisit\u00e9es mon mal-\u00eatre s&rsquo;est dissip\u00e9.\u00a0<\/p>\n<p>Non seulement Mme L\u00e9n\u00e8s est une personne exceptionnelle qui a su m&rsquo;accompagner tout le long mais sa th\u00e9rapie m&rsquo;a \u00ab\u00a0sauv\u00e9\u00a0\u00bb! Les id\u00e9es noires ne sont qu&rsquo;un vieux souvenir et je peux d\u00e9sormais me reconstruire.\u00a0<\/p>\n<p>La TPS a chang\u00e9 ma vie!\u00a0<\/p>\n<p><strong>Esther (2021)<\/strong><\/p>\n<p id=\"m_-6181278204386939744yMail_cursorElementTracker_1633398694216\">J&rsquo;ai v\u00e9cu des \u00e9v\u00e8nements traumatiques sur une longue p\u00e9riode de mon enfance.\u00a0<\/p>\n<p>Depuis, le temps s&rsquo;\u00e9tait fig\u00e9 sur ces moments difficiles. Je revivais sans cesse ces moments comme la premi\u00e8re fois, avec la m\u00eame peur, douleur et le m\u00eame ressenti.\u00a0<br \/>L&rsquo;angoisse et la peur faisaient partie de mon quotidien.\u00a0<br \/>J&rsquo;ai fait de nombreuses th\u00e9rapies sans parvenir \u00e0 verbaliser tous ces \u00e9v\u00e9nements.<br \/>Ne supportant plus cet \u00e9tat j&rsquo;ai fait des recherches et d\u00e9couvert la TPS et j&rsquo;ai contact\u00e9 le Docteur L\u00e9n\u00e8s qui m&rsquo;a prise en charge pour affronter et extraire tous ces moments difficiles incrust\u00e9s dans ma m\u00e9moire et mon corps.\u00a0<br \/>Exprimer non seulement les actes, mais \u00e9galement toute la situation, les ressentis de ces \u00e9v\u00e9nements.<\/p>\n<p>Depuis, la peur et l&rsquo;angoisse permanente, les ressentis fig\u00e9s de l&rsquo;enfant que j&rsquo;\u00e9tais ont fait place \u00e0 plus de paix et je peux enfin vivre plus sereinement.<\/p>\n<div class=\"ODSEW-ShBeI-tXxcle ODSEW-ShBeI-tXxcle-SfQLQb-menu\">\n<div class=\"ODSEW-ShBeI-title\"><strong>No\u00eblle<\/strong> (sur Google Maps)<\/div>\n<\/div>\n<div class=\"ODSEW-ShBeI-jfdpUb\"><span class=\"ODSEW-ShBeI-H1e3jb\" role=\"img\" aria-label=\" 5\u00a0\u00e9toiles \"> <img data-recalc-dims=\"1\" decoding=\"async\" class=\"ODSEW-ShBeI-fI6EEc ODSEW-ShBeI-fI6EEc-active\" src=\"https:\/\/i0.wp.com\/maps.gstatic.com\/consumer\/images\/icons\/2x\/ic_star_rate_14.png?w=525&#038;ssl=1\" alt=\"\" \/><img data-recalc-dims=\"1\" decoding=\"async\" class=\"ODSEW-ShBeI-fI6EEc ODSEW-ShBeI-fI6EEc-active\" src=\"https:\/\/i0.wp.com\/maps.gstatic.com\/consumer\/images\/icons\/2x\/ic_star_rate_14.png?w=525&#038;ssl=1\" alt=\"\" \/><img data-recalc-dims=\"1\" decoding=\"async\" class=\"ODSEW-ShBeI-fI6EEc ODSEW-ShBeI-fI6EEc-active\" src=\"https:\/\/i0.wp.com\/maps.gstatic.com\/consumer\/images\/icons\/2x\/ic_star_rate_14.png?w=525&#038;ssl=1\" alt=\"\" \/><img data-recalc-dims=\"1\" decoding=\"async\" class=\"ODSEW-ShBeI-fI6EEc ODSEW-ShBeI-fI6EEc-active\" src=\"https:\/\/i0.wp.com\/maps.gstatic.com\/consumer\/images\/icons\/2x\/ic_star_rate_14.png?w=525&#038;ssl=1\" alt=\"\" \/><img data-recalc-dims=\"1\" decoding=\"async\" class=\"ODSEW-ShBeI-fI6EEc ODSEW-ShBeI-fI6EEc-active\" src=\"https:\/\/i0.wp.com\/maps.gstatic.com\/consumer\/images\/icons\/2x\/ic_star_rate_14.png?w=525&#038;ssl=1\" alt=\"\" \/> <\/span><span class=\"ODSEW-ShBeI-RgZmSc-date\">(28\/10\/2021)<\/span><\/div>\n<p class=\"ODSEW-ShBeI-ShBeI-content\"><span class=\"ODSEW-ShBeI-text\">Formidable Dr L\u00e9n\u00e8s, \u00e0 l\u2019\u00e9coute, g\u00e9n\u00e9reuse, simple, qui met \u00e0 l&rsquo;aise tout de suite. En une s\u00e9ance elle m&rsquo;a permis de dialoguer avec ma fille. Apr\u00e8s, beaucoup de choses sont remont\u00e9es de mon histoire et elle m&rsquo;a fait les accepter. Je recommande ce praticien et puis sa Th\u00e9rapie Psycho-Sensorielle ne dure pas des mois et des ann\u00e9es. J&rsquo;ai vu pendant 20 ans un psy qui ne faisait que me donner du Tercian avec des effets secondaires graves. Je m&rsquo;en suis sevr\u00e9e gr\u00e2ce \u00e0 ma seule volont\u00e9 mais j&rsquo;ai \u00e9t\u00e9 tr\u00e8s mal pendant 4 mois. La psychologue Marie Nebout, sa fille qui travaille avec elle, est tr\u00e8s bien aussi.<\/span><\/p>\n<\/div>\n<article id=\"post-1186\" class=\"post-1186 page type-page status-publish hentry\"><hr \/>\n<h2>T\u00e9moignages de praticiens<\/h2>\n<p><strong>Ang\u00e9lique Dijoux<br \/>(Formation TPS, La R\u00e9union, 2016)<\/strong><\/p>\n<p>\u00ab Bonjour,<br \/>\u00c9tant donn\u00e9 qu\u2019\u00e0 la fin de la formation nous sommes partis un peu pr\u00e9cipitamment je n\u2019ai pas eu le temps de vous remercier et il me semble n\u00e9cessaire de le faire.<\/p>\n<div>En effet, je remercie le docteur L\u00e9n\u00e8s pour nous avoir partag\u00e9 son exp\u00e9rience si enrichissante, merci de m\u2019avoir permis de repartir plus confiante dans ma pratique. Merci d\u2019avoir mis en \u00e9vidence l\u2019importance d\u2019\u00eatre dans une \u00e9coute attentive envers ces personnes victimes, l\u2019importance d\u2019\u00eatre humble et non dans une posture de professionnel qui d\u00e9tient le savoir. Merci d\u2019avoir \u00e9t\u00e9 si accessible et pr\u00eate \u00e0 r\u00e9pondre \u00e0 toutes nos questions et nos inqui\u00e9tudes.<\/div>\n<div>Je suis impatiente de pouvoir lire votre livre ou encore participer \u00e0 une nouvelle formation plus orient\u00e9e vers les enfants ou adolescents cette fois-ci. En effet, j\u2019ai de nombreux cas clinique d\u2019enfants, de dessins qui m\u2019interpellent.<\/div>\n<div>\u00a0<\/div>\n<div>Merci \u00e9galement de nous faire comprendre qu\u2019on ne doit jamais s\u2019arr\u00eater de se questionner sur notre pratique pour avoir un accompagnement le plus bien-traitant possible. La passion que j\u2019ai pour mon m\u00e9tier est notamment due \u00e0 des rencontres enrichissantes (enfants, victimes, professionnels) dont vous faites partie.<\/div>\n<p>Merci. \u00bb<\/p>\n<p><strong>G\u00e9raldine COURBET, \u00e9ducatrice sp\u00e9cialis\u00e9e en C.M.P.E.A &#8211; St Pierre &#8211; La R\u00e9union<\/strong><br \/><strong>(Formation TPS, La R\u00e9union, 2016)<\/strong><br \/>\u00ab Bonjour,<br \/>C\u2019est avec beaucoup de plaisir que j\u2019ai suivi cette formation, fort int\u00e9ressante, sur la Th\u00e9rapie Psycho Sensorielle.<br \/>J\u2019ai pu assez rapidement le mettre en pratique au sein de mon institution (Cmpea), et en constater les effets tr\u00e8s b\u00e9n\u00e9fiques sur les patientes ! Je souhaiterai continuer \u00e0 garder le contact avec vous, et qui sait, vous revoir pour une nouvelle formation l\u2019ann\u00e9e prochaine ! Je vous laisse mes coordonn\u00e9es pour votre site&#8230; \u00bb<\/p>\n<\/article>\n<\/div>\n\n","protected":false},"excerpt":{"rendered":"<p>T\u00e9moignages de personnes (\u00e0 partir du plus ancien) Marie-Jos\u00e9 (2000) \u00ab Ch\u00e8re Docteur L\u00e9n\u00e8s,Encore tous mes remerciements pour ce que vous avez fait pour moi. Je vous l&rsquo;ai d\u00e9j\u00e0 dit, vous avez chang\u00e9 ma vie. Lors de nos premi\u00e8res s\u00e9ances en 2000, j&rsquo;ai senti que tout mon corps r\u00e9agissait \u00e0 cette m\u00e9thode. J&rsquo;ai le souvenir &hellip; <\/p>\n<p class=\"link-more\"><a href=\"https:\/\/tps-trauma.org\/index.php\/temoignages\/\" class=\"more-link\">Continuer la lecture<span class=\"screen-reader-text\"> de &laquo;&nbsp;T\u00e9moignages&nbsp;&raquo;<\/span><\/a><\/p>\n","protected":false},"author":1,"featured_media":0,"parent":0,"menu_order":0,"comment_status":"closed","ping_status":"closed","template":"","meta":{"_crdt_document":"","_uf_show_specific_survey":0,"_uf_disable_surveys":false,"footnotes":""},"class_list":["post-1188","page","type-page","status-publish","hentry"],"aioseo_notices":[],"jetpack_sharing_enabled":true,"jetpack_shortlink":"https:\/\/wp.me\/PajXwX-ja","jetpack-related-posts":[],"_links":{"self":[{"href":"https:\/\/tps-trauma.org\/index.php\/wp-json\/wp\/v2\/pages\/1188","targetHints":{"allow":["GET"]}}],"collection":[{"href":"https:\/\/tps-trauma.org\/index.php\/wp-json\/wp\/v2\/pages"}],"about":[{"href":"https:\/\/tps-trauma.org\/index.php\/wp-json\/wp\/v2\/types\/page"}],"author":[{"embeddable":true,"href":"https:\/\/tps-trauma.org\/index.php\/wp-json\/wp\/v2\/users\/1"}],"replies":[{"embeddable":true,"href":"https:\/\/tps-trauma.org\/index.php\/wp-json\/wp\/v2\/comments?post=1188"}],"version-history":[{"count":23,"href":"https:\/\/tps-trauma.org\/index.php\/wp-json\/wp\/v2\/pages\/1188\/revisions"}],"predecessor-version":[{"id":2770,"href":"https:\/\/tps-trauma.org\/index.php\/wp-json\/wp\/v2\/pages\/1188\/revisions\/2770"}],"wp:attachment":[{"href":"https:\/\/tps-trauma.org\/index.php\/wp-json\/wp\/v2\/media?parent=1188"}],"curies":[{"name":"wp","href":"https:\/\/api.w.org\/{rel}","templated":true}]}}