{"id":141,"date":"2018-05-26T18:19:36","date_gmt":"2018-05-26T16:19:36","guid":{"rendered":"http:\/\/tps-trauma.org\/?page_id=141"},"modified":"2019-11-15T16:37:10","modified_gmt":"2019-11-15T15:37:10","slug":"domaines-situations-dintervention","status":"publish","type":"page","link":"https:\/\/tps-trauma.org\/index.php\/domaines-situations-dintervention\/","title":{"rendered":"Domaines et situations d&rsquo;intervention"},"content":{"rendered":"\n<script async src=\"https:\/\/www.googletagmanager.com\/gtag\/js?id=UA-53267311-2\"><\/script>\n<script>\n  window.dataLayer = window.dataLayer || [];\n  function gtag(){dataLayer.push(arguments);}\n  gtag('js', new Date());\n\n  gtag('config', 'UA-53267311-2');\n<\/script>\n\n\n\n<p class=\"wp-block-paragraph\"><strong>La Th\u00e9rapie Psycho-Sensorielle<\/strong> (TPS) est avant tout un traitement \u00e9labor\u00e9 pour apporter une aide aux personnes victimes d\u2019un traumatisme psychologique et en souffrance sur le plan psychique, somatique et m\u00eame comportemental. Elle ne n\u00e9cessite pas l\u2019utilisation de m\u00e9dicament, de drogue ou de quelque artifice instrumental que ce soit cens\u00e9 aider \u00e0 la prise en charge. Il n\u2019y pas d\u2019effets secondaires, pas de risque d\u2019accoutumance. Elle reste efficace et permet une am\u00e9lioration significative, m\u00eame lorsqu\u2019elle est utilis\u00e9e tardivement par rapport \u00e0 l\u2019\u00e9v\u00e9nement ou aux \u00e9v\u00e9nements traumatisants.<\/p>\n\n\n\n<p class=\"wp-block-paragraph\"><strong>Sur le plan individuel,<\/strong> elle est non seulement imm\u00e9diatement efficace sur la souffrance psychique, mais \u00e9galement \u00e9conome en temps et en co\u00fbt financier puisqu\u2019elle permet tr\u00e8s rapidement l\u2019amor\u00e7age de la sortie de crise, l\u2019att\u00e9nuation puis la disparition des sympt\u00f4mes, des troubles du comportement.<\/p>\n\n\n\n<p class=\"wp-block-paragraph\"><strong>Sur le plan de la sant\u00e9 publique,<\/strong> l\u2019utilisation de la TPS peut repr\u00e9senter un premier enjeu&nbsp;: celui d\u2019une r\u00e9duction des d\u00e9penses de soins en mati\u00e8re de traitement du trauma et des pathologies psychiques et somatiques parfois tr\u00e8s graves qui en d\u00e9coulent \u00e0 plus ou moins long terme.<br>Le deuxi\u00e8me enjeu est un enjeu soci\u00e9tal loin d\u2019\u00eatre n\u00e9gligeable. Les personnes qui, de par le processus de victimisation, vont se trouver en difficult\u00e9 avec leur environnement affectif, familial, professionnel, social sont \u00e0 risque de d\u00e9socialisation, marginalit\u00e9, voire d\u00e9linquance.<\/p>\n\n\n\n<p class=\"wp-block-paragraph\"><br>Voici des exemples de zones d&rsquo;intervention :<ul class=\"lcp_catlist\" id=\"lcp_instance_0\"><li><a href=\"https:\/\/tps-trauma.org\/index.php\/2018\/05\/28\/albanie-kosovo\/\">Albanie Kosovo<\/a><\/li><li><a href=\"https:\/\/tps-trauma.org\/index.php\/2018\/05\/29\/algerie\/\">Alg\u00e9rie<\/a><\/li><li><a href=\"https:\/\/tps-trauma.org\/index.php\/2018\/05\/29\/canada\/\">Canada<\/a><\/li><li><a href=\"https:\/\/tps-trauma.org\/index.php\/2018\/09\/23\/france\/\">France m\u00e9tropolitaine<\/a><\/li><li><a href=\"https:\/\/tps-trauma.org\/index.php\/2018\/05\/29\/la-reunion\/\">La R\u00e9union<\/a><\/li><li><a href=\"https:\/\/tps-trauma.org\/index.php\/2018\/05\/29\/madagascar\/\">Madagascar<\/a><\/li><li><a href=\"https:\/\/tps-trauma.org\/index.php\/2018\/05\/28\/nicaragua\/\">Nicaragua<\/a><\/li><li><a href=\"https:\/\/tps-trauma.org\/index.php\/2018\/05\/29\/usa\/\">USA<\/a><\/li><\/ul><\/p>\n","protected":false},"excerpt":{"rendered":"<p>La Th\u00e9rapie Psycho-Sensorielle (TPS) est avant tout un traitement \u00e9labor\u00e9 pour apporter une aide aux personnes victimes d\u2019un traumatisme psychologique et en souffrance sur le plan psychique, somatique et m\u00eame comportemental. Elle ne n\u00e9cessite pas l\u2019utilisation de m\u00e9dicament, de drogue ou de quelque artifice instrumental que ce soit cens\u00e9 aider \u00e0 la prise en charge. &hellip; <\/p>\n<p class=\"link-more\"><a href=\"https:\/\/tps-trauma.org\/index.php\/domaines-situations-dintervention\/\" class=\"more-link\">Continuer la lecture<span class=\"screen-reader-text\"> de &laquo;&nbsp;Domaines et situations d&rsquo;intervention&nbsp;&raquo;<\/span><\/a><\/p>\n","protected":false},"author":1,"featured_media":0,"parent":0,"menu_order":0,"comment_status":"closed","ping_status":"closed","template":"","meta":{"_crdt_document":"","_uf_show_specific_survey":0,"_uf_disable_surveys":false,"jetpack_post_was_ever_published":false,"footnotes":""},"class_list":["post-141","page","type-page","status-publish","hentry"],"aioseo_notices":[],"jetpack_sharing_enabled":true,"jetpack_shortlink":"https:\/\/wp.me\/PajXwX-2h","jetpack-related-posts":[],"_links":{"self":[{"href":"https:\/\/tps-trauma.org\/index.php\/wp-json\/wp\/v2\/pages\/141","targetHints":{"allow":["GET"]}}],"collection":[{"href":"https:\/\/tps-trauma.org\/index.php\/wp-json\/wp\/v2\/pages"}],"about":[{"href":"https:\/\/tps-trauma.org\/index.php\/wp-json\/wp\/v2\/types\/page"}],"author":[{"embeddable":true,"href":"https:\/\/tps-trauma.org\/index.php\/wp-json\/wp\/v2\/users\/1"}],"replies":[{"embeddable":true,"href":"https:\/\/tps-trauma.org\/index.php\/wp-json\/wp\/v2\/comments?post=141"}],"version-history":[{"count":14,"href":"https:\/\/tps-trauma.org\/index.php\/wp-json\/wp\/v2\/pages\/141\/revisions"}],"predecessor-version":[{"id":2325,"href":"https:\/\/tps-trauma.org\/index.php\/wp-json\/wp\/v2\/pages\/141\/revisions\/2325"}],"wp:attachment":[{"href":"https:\/\/tps-trauma.org\/index.php\/wp-json\/wp\/v2\/media?parent=141"}],"curies":[{"name":"wp","href":"https:\/\/api.w.org\/{rel}","templated":true}]}}