{"id":159,"date":"2018-05-26T21:31:00","date_gmt":"2018-05-26T19:31:00","guid":{"rendered":"http:\/\/tps-trauma.org\/?page_id=159"},"modified":"2020-11-07T10:20:32","modified_gmt":"2020-11-07T09:20:32","slug":"le-livre","status":"publish","type":"page","link":"https:\/\/tps-trauma.org\/index.php\/le-livre\/","title":{"rendered":"L&rsquo;ouvrage de r\u00e9f\u00e9rence"},"content":{"rendered":"\n<script async=\"\" src=\"https:\/\/www.googletagmanager.com\/gtag\/js?id=UA-53267311-2\"><\/script>\n<script>\n  window.dataLayer = window.dataLayer || [];\n  function gtag(){dataLayer.push(arguments);}\n  gtag('js', new Date());\n\n  gtag('config', 'UA-53267311-2');\n<\/script>\n\n\n\n<div class=\"wp-block-jetpack-slideshow aligncenter\" data-effect=\"slide\"><div class=\"wp-block-jetpack-slideshow_container swiper-container\"><ul class=\"wp-block-jetpack-slideshow_swiper-wrapper swiper-wrapper\"><li class=\"wp-block-jetpack-slideshow_slide swiper-slide\"><figure><img data-recalc-dims=\"1\" loading=\"lazy\" decoding=\"async\" width=\"457\" height=\"669\" alt=\"\" class=\"wp-block-jetpack-slideshow_image wp-image-2584\" data-id=\"2584\" src=\"https:\/\/i0.wp.com\/tps-trauma.org\/wp-content\/uploads\/2020\/11\/1e-de-couverture-2e-tirage.jpg?resize=457%2C669&#038;ssl=1\" srcset=\"https:\/\/i0.wp.com\/tps-trauma.org\/wp-content\/uploads\/2020\/11\/1e-de-couverture-2e-tirage.jpg?w=457&amp;ssl=1 457w, https:\/\/i0.wp.com\/tps-trauma.org\/wp-content\/uploads\/2020\/11\/1e-de-couverture-2e-tirage.jpg?resize=205%2C300&amp;ssl=1 205w\" sizes=\"(max-width: 457px) 100vw, 457px\" \/><\/figure><\/li><li class=\"wp-block-jetpack-slideshow_slide swiper-slide\"><figure><img data-recalc-dims=\"1\" loading=\"lazy\" decoding=\"async\" width=\"424\" height=\"680\" alt=\"\" class=\"wp-block-jetpack-slideshow_image wp-image-2587\" data-id=\"2587\" src=\"https:\/\/i0.wp.com\/tps-trauma.org\/wp-content\/uploads\/2020\/11\/4e-de-couverture-2e-tirage-1.jpg?resize=424%2C680&#038;ssl=1\" srcset=\"https:\/\/i0.wp.com\/tps-trauma.org\/wp-content\/uploads\/2020\/11\/4e-de-couverture-2e-tirage-1.jpg?w=424&amp;ssl=1 424w, https:\/\/i0.wp.com\/tps-trauma.org\/wp-content\/uploads\/2020\/11\/4e-de-couverture-2e-tirage-1.jpg?resize=187%2C300&amp;ssl=1 187w\" sizes=\"(max-width: 424px) 100vw, 424px\" \/><\/figure><\/li><\/ul><a class=\"wp-block-jetpack-slideshow_button-prev swiper-button-prev swiper-button-white\" role=\"button\"><\/a><a class=\"wp-block-jetpack-slideshow_button-next swiper-button-next swiper-button-white\" role=\"button\"><\/a><a aria-label=\"Pause Slideshow\" class=\"wp-block-jetpack-slideshow_button-pause\" role=\"button\"><\/a><div class=\"wp-block-jetpack-slideshow_pagination swiper-pagination swiper-pagination-white\"><\/div><\/div><\/div>\n\n\n\n<p class=\"wp-block-paragraph\">Didactique, compr\u00e9hensible par tous, ce livre s\u2019adressera \u00e0 tous ceux qui se sentent concern\u00e9s de pr\u00e8s ou de loin par le psycho-trauma et ses cons\u00e9quences, notamment le Stress Post-Traumatique (PTSD).<\/p>\n\n\n\n<p class=\"wp-block-paragraph\">Les \u00e9tudiants en m\u00e9decine, en psychologie, en soins infirmiers y d\u00e9couvriront une formation de base.<\/p>\n\n\n\n<p class=\"wp-block-paragraph\">Les th\u00e9rapeutes d\u00e9j\u00e0 sensibilis\u00e9s \u00e0 la victimologie y trouveront une ouverture pour enrichir leur pratique.<\/p>\n\n\n\n<p class=\"wp-block-paragraph\">Les intervenants en situations d\u2019urgences, m\u00e9decins, pompiers, secouristes, policiers, gendarmes\u2026 comprendront les cons\u00e9quences possibles d\u2019une situation de violence et sauront prendre en charge et orienter efficacement les victimes.<\/p>\n\n\n\n<p class=\"wp-block-paragraph\">Tous les personnels du milieu social et \u00e9ducatif y apprendront comment mieux rep\u00e9rer, notamment parmi les adolescents en difficult\u00e9, ceux qui pourraient \u00eatre victimes de trauma psychique et donc b\u00e9n\u00e9ficier d\u2019une prise en charge adapt\u00e9e.<\/p>\n\n\n\n<p class=\"wp-block-paragraph\">Les professionnels de la justice pourront porter un regard plus averti sur la victime traumatis\u00e9e.<\/p>\n\n\n\n<p class=\"wp-block-paragraph\">Enfin, les victimes et leurs proches auront un \u00e9clairage simple et complet de ce qui a perturb\u00e9 et transform\u00e9 leur vie et ils d\u00e9couvriront qu\u2019il existe une premi\u00e8re r\u00e9ponse efficace \u00e0 la crise qu\u2019ils traversent.<\/p>\n\n\n\n<div class=\"wp-block-button aligncenter\"><a class=\"wp-block-button__link has-vivid-cyan-blue-background-color has-background\" href=\"http:\/\/tps-trauma.org\/index.php\/pour-acheter-le-livre\/\">Acheter le livre<\/a><\/div>\n","protected":false},"excerpt":{"rendered":"<p>Didactique, compr\u00e9hensible par tous, ce livre s\u2019adressera \u00e0 tous ceux qui se sentent concern\u00e9s de pr\u00e8s ou de loin par le psycho-trauma et ses cons\u00e9quences, notamment le Stress Post-Traumatique (PTSD). Les \u00e9tudiants en m\u00e9decine, en psychologie, en soins infirmiers y d\u00e9couvriront une formation de base. Les th\u00e9rapeutes d\u00e9j\u00e0 sensibilis\u00e9s \u00e0 la victimologie y trouveront une &hellip; <\/p>\n<p class=\"link-more\"><a href=\"https:\/\/tps-trauma.org\/index.php\/le-livre\/\" class=\"more-link\">Continuer la lecture<span class=\"screen-reader-text\"> de &laquo;&nbsp;L&rsquo;ouvrage de r\u00e9f\u00e9rence&nbsp;&raquo;<\/span><\/a><\/p>\n","protected":false},"author":1,"featured_media":0,"parent":0,"menu_order":0,"comment_status":"closed","ping_status":"closed","template":"","meta":{"_crdt_document":"","_uf_show_specific_survey":0,"_uf_disable_surveys":false,"jetpack_post_was_ever_published":false,"footnotes":""},"class_list":["post-159","page","type-page","status-publish","hentry"],"aioseo_notices":[],"jetpack_sharing_enabled":true,"jetpack_shortlink":"https:\/\/wp.me\/PajXwX-2z","jetpack-related-posts":[],"_links":{"self":[{"href":"https:\/\/tps-trauma.org\/index.php\/wp-json\/wp\/v2\/pages\/159","targetHints":{"allow":["GET"]}}],"collection":[{"href":"https:\/\/tps-trauma.org\/index.php\/wp-json\/wp\/v2\/pages"}],"about":[{"href":"https:\/\/tps-trauma.org\/index.php\/wp-json\/wp\/v2\/types\/page"}],"author":[{"embeddable":true,"href":"https:\/\/tps-trauma.org\/index.php\/wp-json\/wp\/v2\/users\/1"}],"replies":[{"embeddable":true,"href":"https:\/\/tps-trauma.org\/index.php\/wp-json\/wp\/v2\/comments?post=159"}],"version-history":[{"count":31,"href":"https:\/\/tps-trauma.org\/index.php\/wp-json\/wp\/v2\/pages\/159\/revisions"}],"predecessor-version":[{"id":2588,"href":"https:\/\/tps-trauma.org\/index.php\/wp-json\/wp\/v2\/pages\/159\/revisions\/2588"}],"wp:attachment":[{"href":"https:\/\/tps-trauma.org\/index.php\/wp-json\/wp\/v2\/media?parent=159"}],"curies":[{"name":"wp","href":"https:\/\/api.w.org\/{rel}","templated":true}]}}