{"id":173,"date":"2018-05-27T09:23:52","date_gmt":"2018-05-27T07:23:52","guid":{"rendered":"http:\/\/tps-trauma.org\/?page_id=173"},"modified":"2024-04-05T11:10:09","modified_gmt":"2024-04-05T09:10:09","slug":"pour-acheter-le-livre","status":"publish","type":"page","link":"https:\/\/tps-trauma.org\/index.php\/pour-acheter-le-livre\/","title":{"rendered":"Pour acheter le livre&#8230;"},"content":{"rendered":"<p style=\"text-align: justify;\">Rendez-vous, si cela vous est possible, dans la librairie la plus proche. Il faut faire travailler les vrais libraires pour conserver au maximum l&rsquo;acc\u00e8s \u00e0 la culture, ce qui contribue aussi \u00e0 la sant\u00e9 publique comme de faire une heure d&rsquo;activit\u00e9 physique par jour !<\/p>\n<p style=\"text-align: justify;\">Sinon et si vous \u00eates press\u00e9, commandez le directement chez l&rsquo;\u00e9diteur en cliquant sur :\u00a0<\/p>\n<p style=\"text-align: justify;\"><a href=\"https:\/\/www.livres-medicaux.com\/criminologie-victimologie\/18144-therapie-psycho-sensorielle-9791030301984.html\">SAURAMPS MEDICAL<\/a> . Vous le recevrez imm\u00e9diatement.<\/p>\n<p style=\"text-align: justify;\">Ou, en dernier recours, dans n&rsquo;importe quelle \u00e9picerie o\u00f9 l&rsquo;on vend aussi des bouquins&#8230;<\/p>\n<p>En vente au prix de 37 euros<\/p>\n<p>Le site compagnon (pour \u00e9couter les audios) est en ligne <a href=\"https:\/\/e-sauramps-medical.com\/\">ICI<\/a><\/p>\n<p>Le format E-Book, est disponible en ligne au prix de 25 euros : <a href=\"https:\/\/www.livres-medicaux.com\/ebooks.html\">ICI<\/a><\/p>\n<p>Pour commander le livre chez votre libraire s&rsquo;il ne l&rsquo;a pas en stock (ce qu&rsquo;il faut chaudement lui recommander), pr\u00e9cisez lui :<\/p>\n<table>\n<tbody>\n<tr>\n<td>Auteur<\/td>\n<td><a href=\"https:\/\/www.livres-medicaux.com\/auteur\/marie-claude-lenes.html\">Marie-Claude L\u00e9n\u00e8s<\/a><\/td>\n<\/tr>\n<tr>\n<td>Editeur<\/td>\n<td><a href=\"https:\/\/www.livres-medicaux.com\/criminologie-victimologie\/18144-therapie-psycho-sensorielle-9791030301984.html\">SAURAMPS MEDICAL<\/a><\/td>\n<\/tr>\n<tr>\n<td>Date de parution<\/td>\n<td>30 mai 2019<\/td>\n<\/tr>\n<tr>\n<td>ISBN 13<\/td>\n<td>9791030301984<\/td>\n<\/tr>\n<\/tbody>\n<\/table>\n\n\n<p class=\"wp-block-paragraph\"><a href=\"http:\/\/tps-trauma.org\/wp-admin\/edit.php?post_type=page\">Toutes les pages<\/a><\/p>\n\n\n<div class=\"wp-block-image\">\n<figure class=\"aligncenter\"><img loading=\"lazy\" decoding=\"async\" width=\"4128\" height=\"3096\" data-attachment-id=\"2257\" data-permalink=\"https:\/\/tps-trauma.org\/index.php\/pour-acheter-le-livre\/librairie-sauramps\/\" data-orig-file=\"https:\/\/i0.wp.com\/tps-trauma.org\/wp-content\/uploads\/2019\/07\/Librairie-Sauramps.jpg?fit=4128%2C3096&amp;ssl=1\" data-orig-size=\"4128,3096\" data-comments-opened=\"1\" data-image-meta=\"{&quot;aperture&quot;:&quot;1.9&quot;,&quot;credit&quot;:&quot;&quot;,&quot;camera&quot;:&quot;SM-J330FN&quot;,&quot;caption&quot;:&quot;&quot;,&quot;created_timestamp&quot;:&quot;1563040713&quot;,&quot;copyright&quot;:&quot;&quot;,&quot;focal_length&quot;:&quot;3.6&quot;,&quot;iso&quot;:&quot;80&quot;,&quot;shutter_speed&quot;:&quot;0.01&quot;,&quot;title&quot;:&quot;&quot;,&quot;orientation&quot;:&quot;1&quot;}\" data-image-title=\"Librairie-Sauramps\" data-image-description=\"\" data-image-caption=\"\" data-large-file=\"https:\/\/i0.wp.com\/tps-trauma.org\/wp-content\/uploads\/2019\/07\/Librairie-Sauramps.jpg?fit=525%2C394&amp;ssl=1\" src=\"https:\/\/i0.wp.com\/tps-trauma.org\/wp-content\/uploads\/2019\/07\/Librairie-Sauramps.jpg?fit=525%2C394\" alt=\"\" class=\"wp-image-2257\" srcset=\"https:\/\/i0.wp.com\/tps-trauma.org\/wp-content\/uploads\/2019\/07\/Librairie-Sauramps.jpg?w=4128&amp;ssl=1 4128w, https:\/\/i0.wp.com\/tps-trauma.org\/wp-content\/uploads\/2019\/07\/Librairie-Sauramps.jpg?resize=300%2C225&amp;ssl=1 300w, https:\/\/i0.wp.com\/tps-trauma.org\/wp-content\/uploads\/2019\/07\/Librairie-Sauramps.jpg?resize=768%2C576&amp;ssl=1 768w, https:\/\/i0.wp.com\/tps-trauma.org\/wp-content\/uploads\/2019\/07\/Librairie-Sauramps.jpg?resize=1024%2C768&amp;ssl=1 1024w, https:\/\/i0.wp.com\/tps-trauma.org\/wp-content\/uploads\/2019\/07\/Librairie-Sauramps.jpg?w=1575&amp;ssl=1 1575w\" sizes=\"auto, (max-width: 767px) 89vw, (max-width: 1000px) 54vw, (max-width: 1071px) 543px, 580px\" \/><figcaption class=\"wp-element-caption\">Il est disponible \u00e0 la librairie Sauramps Com\u00e9die \u00e0 Montpellier<\/figcaption><\/figure>\n<\/div>\n\n<div class=\"wp-block-image\">\n<figure class=\"aligncenter\"><img loading=\"lazy\" decoding=\"async\" width=\"3096\" height=\"4128\" data-attachment-id=\"2259\" data-permalink=\"https:\/\/tps-trauma.org\/index.php\/pour-acheter-le-livre\/fnac-montpellier2\/\" data-orig-file=\"https:\/\/i0.wp.com\/tps-trauma.org\/wp-content\/uploads\/2019\/07\/FNAC-Montpellier2.jpg?fit=3096%2C4128&amp;ssl=1\" data-orig-size=\"3096,4128\" data-comments-opened=\"1\" data-image-meta=\"{&quot;aperture&quot;:&quot;1.9&quot;,&quot;credit&quot;:&quot;&quot;,&quot;camera&quot;:&quot;SM-J330FN&quot;,&quot;caption&quot;:&quot;&quot;,&quot;created_timestamp&quot;:&quot;1563039817&quot;,&quot;copyright&quot;:&quot;&quot;,&quot;focal_length&quot;:&quot;3.6&quot;,&quot;iso&quot;:&quot;200&quot;,&quot;shutter_speed&quot;:&quot;0.02&quot;,&quot;title&quot;:&quot;&quot;,&quot;orientation&quot;:&quot;1&quot;}\" data-image-title=\"FNAC-Montpellier2\" data-image-description=\"\" data-image-caption=\"\" data-large-file=\"https:\/\/i0.wp.com\/tps-trauma.org\/wp-content\/uploads\/2019\/07\/FNAC-Montpellier2.jpg?fit=525%2C700&amp;ssl=1\" src=\"https:\/\/i1.wp.com\/tps-trauma.org\/wp-content\/uploads\/2019\/07\/FNAC-Montpellier2.jpg?fit=525%2C700\" alt=\"\" class=\"wp-image-2259\" srcset=\"https:\/\/i0.wp.com\/tps-trauma.org\/wp-content\/uploads\/2019\/07\/FNAC-Montpellier2.jpg?w=3096&amp;ssl=1 3096w, https:\/\/i0.wp.com\/tps-trauma.org\/wp-content\/uploads\/2019\/07\/FNAC-Montpellier2.jpg?resize=225%2C300&amp;ssl=1 225w, https:\/\/i0.wp.com\/tps-trauma.org\/wp-content\/uploads\/2019\/07\/FNAC-Montpellier2.jpg?resize=768%2C1024&amp;ssl=1 768w, https:\/\/i0.wp.com\/tps-trauma.org\/wp-content\/uploads\/2019\/07\/FNAC-Montpellier2.jpg?resize=750%2C1000&amp;ssl=1 750w, https:\/\/i0.wp.com\/tps-trauma.org\/wp-content\/uploads\/2019\/07\/FNAC-Montpellier2.jpg?w=1050&amp;ssl=1 1050w, https:\/\/i0.wp.com\/tps-trauma.org\/wp-content\/uploads\/2019\/07\/FNAC-Montpellier2.jpg?w=1575&amp;ssl=1 1575w\" sizes=\"auto, (max-width: 767px) 89vw, (max-width: 1000px) 54vw, (max-width: 1071px) 543px, 580px\" \/><figcaption class=\"wp-element-caption\">et \u00e0 la FNAC Montpellier<\/figcaption><\/figure>\n<\/div>\n\n\n<p class=\"wp-block-paragraph\"><a href=\"https:\/\/photos.google.com\/photo\/AF1QipM-Q_CkpMYYuaQmV5U2PxLUrfqV0QzC4E_c-58c\"><\/a><\/p>\n\n\n\n<p class=\"wp-block-paragraph\"><a href=\"https:\/\/photos.google.com\/photo\/AF1QipM-Q_CkpMYYuaQmV5U2PxLUrfqV0QzC4E_c-58c\"><\/a><\/p>\n\n\n<div class=\"wp-block-image\">\n<figure class=\"aligncenter size-large\"><img loading=\"lazy\" decoding=\"async\" width=\"1080\" height=\"1920\" data-attachment-id=\"2275\" data-permalink=\"https:\/\/tps-trauma.org\/index.php\/pour-acheter-le-livre\/tps-a-cultura-beziers\/\" data-orig-file=\"https:\/\/i0.wp.com\/tps-trauma.org\/wp-content\/uploads\/2019\/09\/TPS-%C3%A0-Cultura-B%C3%A9ziers.jpg?fit=1080%2C1920&amp;ssl=1\" data-orig-size=\"1080,1920\" data-comments-opened=\"1\" data-image-meta=\"{&quot;aperture&quot;:&quot;0&quot;,&quot;credit&quot;:&quot;&quot;,&quot;camera&quot;:&quot;&quot;,&quot;caption&quot;:&quot;&quot;,&quot;created_timestamp&quot;:&quot;0&quot;,&quot;copyright&quot;:&quot;&quot;,&quot;focal_length&quot;:&quot;0&quot;,&quot;iso&quot;:&quot;0&quot;,&quot;shutter_speed&quot;:&quot;0&quot;,&quot;title&quot;:&quot;&quot;,&quot;orientation&quot;:&quot;0&quot;}\" data-image-title=\"TPS-\u00e0-Cultura-B\u00e9ziers\" data-image-description=\"\" data-image-caption=\"\" data-large-file=\"https:\/\/i0.wp.com\/tps-trauma.org\/wp-content\/uploads\/2019\/09\/TPS-%C3%A0-Cultura-B%C3%A9ziers.jpg?fit=525%2C933&amp;ssl=1\" src=\"https:\/\/i2.wp.com\/tps-trauma.org\/wp-content\/uploads\/2019\/09\/TPS-\u00e0-Cultura-B\u00e9ziers.jpg?fit=525%2C933\" alt=\"\" class=\"wp-image-2275\" srcset=\"https:\/\/i0.wp.com\/tps-trauma.org\/wp-content\/uploads\/2019\/09\/TPS-%C3%A0-Cultura-B%C3%A9ziers.jpg?w=1080&amp;ssl=1 1080w, https:\/\/i0.wp.com\/tps-trauma.org\/wp-content\/uploads\/2019\/09\/TPS-%C3%A0-Cultura-B%C3%A9ziers.jpg?resize=169%2C300&amp;ssl=1 169w, https:\/\/i0.wp.com\/tps-trauma.org\/wp-content\/uploads\/2019\/09\/TPS-%C3%A0-Cultura-B%C3%A9ziers.jpg?resize=768%2C1365&amp;ssl=1 768w, https:\/\/i0.wp.com\/tps-trauma.org\/wp-content\/uploads\/2019\/09\/TPS-%C3%A0-Cultura-B%C3%A9ziers.jpg?resize=563%2C1000&amp;ssl=1 563w\" sizes=\"auto, (max-width: 767px) 89vw, (max-width: 1000px) 54vw, (max-width: 1071px) 543px, 580px\" \/><figcaption class=\"wp-element-caption\">A B\u00e9ziers, chez Cultura &#8211; Polygone<\/figcaption><\/figure>\n<\/div>\n\n\n<p class=\"wp-block-paragraph\"><a href=\"https:\/\/photos.google.com\/photo\/AF1QipM-Q_CkpMYYuaQmV5U2PxLUrfqV0QzC4E_c-58c\"><\/a><\/p>\n","protected":false},"excerpt":{"rendered":"<p>Rendez-vous, si cela vous est possible, dans la librairie la plus proche. Il faut faire travailler les vrais libraires pour conserver au maximum l&rsquo;acc\u00e8s \u00e0 la culture, ce qui contribue aussi \u00e0 la sant\u00e9 publique comme de faire une heure d&rsquo;activit\u00e9 physique par jour ! Sinon et si vous \u00eates press\u00e9, commandez le directement chez &hellip; <\/p>\n<p class=\"link-more\"><a href=\"https:\/\/tps-trauma.org\/index.php\/pour-acheter-le-livre\/\" class=\"more-link\">Continuer la lecture<span class=\"screen-reader-text\"> de &laquo;&nbsp;Pour acheter le livre&#8230;&nbsp;&raquo;<\/span><\/a><\/p>\n","protected":false},"author":1,"featured_media":0,"parent":0,"menu_order":0,"comment_status":"closed","ping_status":"closed","template":"","meta":{"_crdt_document":"","_uf_show_specific_survey":0,"_uf_disable_surveys":false,"footnotes":""},"class_list":["post-173","page","type-page","status-publish","hentry"],"aioseo_notices":[],"jetpack_sharing_enabled":true,"jetpack_shortlink":"https:\/\/wp.me\/PajXwX-2N","jetpack-related-posts":[],"_links":{"self":[{"href":"https:\/\/tps-trauma.org\/index.php\/wp-json\/wp\/v2\/pages\/173","targetHints":{"allow":["GET"]}}],"collection":[{"href":"https:\/\/tps-trauma.org\/index.php\/wp-json\/wp\/v2\/pages"}],"about":[{"href":"https:\/\/tps-trauma.org\/index.php\/wp-json\/wp\/v2\/types\/page"}],"author":[{"embeddable":true,"href":"https:\/\/tps-trauma.org\/index.php\/wp-json\/wp\/v2\/users\/1"}],"replies":[{"embeddable":true,"href":"https:\/\/tps-trauma.org\/index.php\/wp-json\/wp\/v2\/comments?post=173"}],"version-history":[{"count":27,"href":"https:\/\/tps-trauma.org\/index.php\/wp-json\/wp\/v2\/pages\/173\/revisions"}],"predecessor-version":[{"id":3012,"href":"https:\/\/tps-trauma.org\/index.php\/wp-json\/wp\/v2\/pages\/173\/revisions\/3012"}],"wp:attachment":[{"href":"https:\/\/tps-trauma.org\/index.php\/wp-json\/wp\/v2\/media?parent=173"}],"curies":[{"name":"wp","href":"https:\/\/api.w.org\/{rel}","templated":true}]}}