{"id":2295,"date":"2019-11-04T18:38:38","date_gmt":"2019-11-04T17:38:38","guid":{"rendered":"http:\/\/tps-trauma.org\/?page_id=2295"},"modified":"2020-10-08T16:36:26","modified_gmt":"2020-10-08T14:36:26","slug":"commentaires-des-lecteurs","status":"publish","type":"page","link":"https:\/\/tps-trauma.org\/index.php\/commentaires-des-lecteurs\/","title":{"rendered":"Commentaires des lecteurs"},"content":{"rendered":"\n<script async=\"\" src=\"https:\/\/www.googletagmanager.com\/gtag\/js?id=UA-53267311-2\"><\/script>\n<script>\n  window.dataLayer = window.dataLayer || [];\n  function gtag(){dataLayer.push(arguments);}\n  gtag('js', new Date());\n\n  gtag('config', 'UA-53267311-2');\n<\/script>\n\n\n\n<p class=\"wp-block-paragraph\"> apr\u00e8s la sortie du livre&#8230;.<\/p>\n\n\n<p>\n<!--StartFragment--><\/p>\n\n\n<p class=\"wp-block-paragraph\"><strong>Marie-Blandine PETIT<\/strong> &#8211; <em>M\u00e9decin militaire &#8211; Elle a suivi \u00e0 la premi\u00e8re formation TPS \u00e0 La R\u00e9union en 2016<\/em> :<br>\u00ab\u00a0J&rsquo;ai achet\u00e9 le livre. Il est top, je m&rsquo;y replonge avec grand plaisir ; il  est tr\u00e8s simple, didactique, complet, riche&#8230; j&rsquo;adore !! Bravo car c&rsquo;est  un \u00e9norme travail et un retour d&rsquo;exp\u00e9rience qui permettra j&rsquo;esp\u00e8re \u00e0 de  nombreux praticiens d&rsquo;utiliser cette technique tr\u00e8s efficace pour les patients. Pour ma part, \u00e7a fait un an que je n&rsquo;ai pas pratiqu\u00e9 &#8211; j&rsquo;ai utilis\u00e9 la TPS durant 1 an et demi avec de tr\u00e8s bons r\u00e9sultats &#8211; car je fais  actuellement de l&rsquo;expertise m\u00e9dicale initiale dans les arm\u00e9es \u00e0 Bordeaux, mais je souhaite vivement reprendre gr\u00e2ce \u00e0 des \u00ab\u00a0vacations  cliniques\u00a0\u00bb d\u00e9j\u00e0 d\u00e9but\u00e9es. J&rsquo;en suis d&rsquo;autant plus motiv\u00e9e que je relis certains chapitres du livre. J&rsquo;ai l&rsquo;occasion de faire une pr\u00e9sentation mardi \u00e0 des confr\u00e8res psychiatres et psychologues des arm\u00e9es \u00e0 Bordeaux, et je vais \u00e9videmment pr\u00e9senter la TPS.\u00a0\u00bb (22\/09\/2019)<\/p>\n\n\n\n<p class=\"wp-block-paragraph\"><strong>Gabrielle DELEGLISE<\/strong> &#8211;  <em>5\/5&nbsp;\u00e9toiles<\/em> <em>sur AMAZON  (Achat v\u00e9rifi\u00e9<\/em>) : <br>\u00ab\u00a0Bel \u00e9clairage des TPS &#8211;  Passionnant et innovateur\u00a0\u00bb (23\/09\/2019) <\/p>\n\n\n\n<p class=\"wp-block-paragraph\"><strong>G\u00e9rard CHAPUT<\/strong> &#8211; <em>Pr\u00e9sident (cofondateur) de l&rsquo;association des Sentinelles de la Nation Association membre du Comit\u00e9 de la Flamme (A 727) <\/em>: <br>\u00ab\u00a0Ce livre est une r\u00e9f\u00e9rence majeure pour tous les th\u00e9rapeutes du Trauma. A avoir absolument dans sa short-list de livres sur le trauma (PTSD).&nbsp; Je connais Marie Claude depuis 20 ans et je connais l&rsquo;excellence de ses th\u00e9rapies et de son enseignement. Bravo.\u00a0\u00bb  (18\/06\/2019)<\/p>\n\n\n\n<p class=\"wp-block-paragraph\"><strong>G\u00e9n\u00e9ral Louis CROCQ<\/strong> &#8211; <em>Psychiatre des arm\u00e9es et professeur de psychologie \u00e0  l\u2019universit\u00e9 Paris-V et pr\u00e9sident de la section militaire de l&rsquo;Association mondiale de psychiatrie. Il a cr\u00e9\u00e9 les cellules d\u2019urgence  m\u00e9dico-psychologique au lendemain de l\u2019attentat de la station du RER  Saint-Michel en 1995, qui dans toute la France et \u00e0 l\u2019\u00e9tranger dispensent les premiers soins aux victimes de catastrophes, d&rsquo;attentats, de guerre. Il est l\u2019auteur de nombreux ouvrages sur les traumatismes psychiques .<\/em><br>\u00ab\u00a0Ch\u00e8re Marie-Claude L\u00e9n\u00e8s, <br>D&rsquo;accord  pour recommander chaudement votre livre, mais je ne peux le faire que  par contacts individuels ; en effet, \u00e2g\u00e9 de 91 ans, je ne  sors plus de&nbsp; chez moi. Je n&rsquo;enseigne plus et ne participe plus \u00e0 des  r\u00e9unions scientifiques. Je poursuis actuellement la lecture de votre  livre et je persiste \u00e0 le trouver excellent, novateur et didactique.<br>F\u00e9licitations, donc, et merci pour votre fid\u00e8le souvenir.\u00a0\u00bb<br>Pr Louis Crocq\u00a0\u00bb  (17\/05\/2019)<\/p>\n\n\n\n<p class=\"wp-block-paragraph\">\u00ab\u00a0Concernant votre ouvrage, je peux \u00e9crire une pr\u00e9face lorsque vous  proc\u00e9derez \u00e0 une seconde \u00e9dition, car la premi\u00e8re \u00e9dition a une  \u00ab\u00a0introduction\u00a0\u00bb et pas de \u00ab\u00a0pr\u00e9face\u00a0\u00bb. Je le ferai avec plaisir et  sinc\u00e9rit\u00e9, car je pense que vous avez mis le doigt sur un point  essentiel de la psychotraumatologie, qui est la trace sensorielle, \u00e0 la  fois facteur pathologique et levier th\u00e9rapeutique.\u00a0\u00bb<br> M\u00e9decin G\u00e9n\u00e9ral (2S) et Pr Louis Crocq (9\/09\/2019)<\/p>\n\n\n\n<figure class=\"wp-block-embed is-type-wp-embed is-provider-tps-traitement-du-psycho-trauma-par-la-therapie-psycho-sensorielle wp-block-embed-tps-traitement-du-psycho-trauma-par-la-therapie-psycho-sensorielle\"><div class=\"wp-block-embed__wrapper\">\n<blockquote class=\"wp-embedded-content\" data-secret=\"C1p0oTTRvF\"><a href=\"https:\/\/tps-trauma.org\/index.php\/preface-du-general-louis-crocq\/\">Pr\u00e9face du G\u00e9n\u00e9ral Louis CROCQ<\/a><\/blockquote><iframe loading=\"lazy\" class=\"wp-embedded-content\" sandbox=\"allow-scripts\" security=\"restricted\" style=\"position: absolute; clip: rect(1px, 1px, 1px, 1px);\" title=\"\u00ab\u00a0Pr\u00e9face du G\u00e9n\u00e9ral Louis CROCQ\u00a0\u00bb &#8212; TPS : Traitement du Psycho-Trauma par la Th\u00e9rapie Psycho Sensorielle\" src=\"https:\/\/tps-trauma.org\/index.php\/preface-du-general-louis-crocq\/embed\/#?secret=sicNkOryMY#?secret=C1p0oTTRvF\" data-secret=\"C1p0oTTRvF\" width=\"525\" height=\"296\" frameborder=\"0\" marginwidth=\"0\" marginheight=\"0\" scrolling=\"no\"><\/iframe>\n<\/div><\/figure>\n\n\n\n<p class=\"wp-block-paragraph\"><strong>Armand JACQUARD<\/strong> &#8211; <em>Professeur retrait\u00e9, ancien maire de Fragnes 71530, accessoirement cousin germain de Jean Boivin<\/em> : <br>\u00ab\u00a0Bonsoir Marie-Claude et Jean, <br>Je viens de terminer la lecture de \u00ab\u00a0Th\u00e9rapie Psycho-Sensorielle\u00a0\u00bb et  je veux adresser sans plus tarder toutes mes f\u00e9licitations \u00e0 toi, Marie-Claude, sans oublier pour autant ta part, Jean, dans la  r\u00e9alisation de l&rsquo;ouvrage. Merci d&rsquo;avoir su mettre \u00e0 la port\u00e9e du profane les tenants et aboutissants de la th\u00e9rapie en question, m\u00eame si parfois  il faut \u00ab\u00a0s&rsquo;accrocher\u00a0\u00bb, ainsi que la d\u00e9marche op\u00e9ratoire illustr\u00e9e de fa\u00e7on  concr\u00e8te par le verbatim des consultations. Bravo, Marie-Claude, pour  cette approche du traitement des traumas qui demande une expertise de tr\u00e8s haut niveau et une ma\u00eetrise sans faille de tous les instants. Pas de doute que ta TPS s&rsquo;impose dans ce domaine. Affectueusement (03\/05\/2019)<\/p>\n\n\n<p><!--EndFragment--><\/p>\n\n\n<p class=\"wp-block-paragraph\"><\/p>\n","protected":false},"excerpt":{"rendered":"<p>apr\u00e8s la sortie du livre&#8230;. Marie-Blandine PETIT &#8211; M\u00e9decin militaire &#8211; Elle a suivi \u00e0 la premi\u00e8re formation TPS \u00e0 La R\u00e9union en 2016 :\u00ab\u00a0J&rsquo;ai achet\u00e9 le livre. Il est top, je m&rsquo;y replonge avec grand plaisir ; il est tr\u00e8s simple, didactique, complet, riche&#8230; j&rsquo;adore !! Bravo car c&rsquo;est un \u00e9norme travail et un &hellip; <\/p>\n<p class=\"link-more\"><a href=\"https:\/\/tps-trauma.org\/index.php\/commentaires-des-lecteurs\/\" class=\"more-link\">Continuer la lecture<span class=\"screen-reader-text\"> de &laquo;&nbsp;Commentaires des lecteurs&nbsp;&raquo;<\/span><\/a><\/p>\n","protected":false},"author":1,"featured_media":0,"parent":0,"menu_order":0,"comment_status":"closed","ping_status":"closed","template":"","meta":{"_crdt_document":"","_uf_show_specific_survey":0,"_uf_disable_surveys":false,"jetpack_post_was_ever_published":false,"footnotes":""},"class_list":["post-2295","page","type-page","status-publish","hentry"],"aioseo_notices":[],"jetpack_sharing_enabled":true,"jetpack_shortlink":"https:\/\/wp.me\/PajXwX-B1","jetpack-related-posts":[],"_links":{"self":[{"href":"https:\/\/tps-trauma.org\/index.php\/wp-json\/wp\/v2\/pages\/2295","targetHints":{"allow":["GET"]}}],"collection":[{"href":"https:\/\/tps-trauma.org\/index.php\/wp-json\/wp\/v2\/pages"}],"about":[{"href":"https:\/\/tps-trauma.org\/index.php\/wp-json\/wp\/v2\/types\/page"}],"author":[{"embeddable":true,"href":"https:\/\/tps-trauma.org\/index.php\/wp-json\/wp\/v2\/users\/1"}],"replies":[{"embeddable":true,"href":"https:\/\/tps-trauma.org\/index.php\/wp-json\/wp\/v2\/comments?post=2295"}],"version-history":[{"count":7,"href":"https:\/\/tps-trauma.org\/index.php\/wp-json\/wp\/v2\/pages\/2295\/revisions"}],"predecessor-version":[{"id":2576,"href":"https:\/\/tps-trauma.org\/index.php\/wp-json\/wp\/v2\/pages\/2295\/revisions\/2576"}],"wp:attachment":[{"href":"https:\/\/tps-trauma.org\/index.php\/wp-json\/wp\/v2\/media?parent=2295"}],"curies":[{"name":"wp","href":"https:\/\/api.w.org\/{rel}","templated":true}]}}