{"id":2469,"date":"2020-04-17T11:57:36","date_gmt":"2020-04-17T09:57:36","guid":{"rendered":"https:\/\/tps-trauma.org\/?page_id=2469"},"modified":"2025-04-08T18:04:01","modified_gmt":"2025-04-08T16:04:01","slug":"certification-tps","status":"publish","type":"page","link":"https:\/\/tps-trauma.org\/index.php\/certification-tps\/","title":{"rendered":"CERTIFICATION TPS"},"content":{"rendered":"\n<div class=\"wp-block-group\"><div class=\"wp-block-group__inner-container is-layout-flow wp-block-group-is-layout-flow\">\n<p class=\"wp-block-paragraph\" style=\"line-height:1.5\">La <strong>T<\/strong>h\u00e9rapie <strong>P<\/strong>sycho-<strong>S<\/strong>ensorielle est une m\u00e9thode originale, mise au point par le <strong>docteur Marie-Claude L\u00e9n\u00e8s<\/strong> depuis le d\u00e9but des ann\u00e9es 2000. Elle est issue de ses connaissances th\u00e9oriques et de ses observations cliniques.<br>La <strong>TPS<\/strong> est une th\u00e9rapie br\u00e8ve, des r\u00e9sultats significatifs sont observ\u00e9s en deux ou trois s\u00e9ances.<\/p>\n\n\n\n<p class=\"wp-block-paragraph\" style=\"line-height:1.5\"><strong>Personnes concern\u00e9es :<\/strong>&nbsp;psychiatres, m\u00e9decins, psychologues, infirmiers, th\u00e9rapeutes, toute personne impliqu\u00e9e dans la prise en charge des victimes de psycho-trauma.<\/p>\n<\/div><\/div>\n\n\n\n<p class=\"wp-block-paragraph\" style=\"line-height:1.5\"><strong>But\u00a0:<\/strong> Les personnes ayant obtenu la certification sont qualifi\u00e9es pour utiliser la technique de la Th\u00e9rapie Psycho-Sensorielle et prendre en charge les sujets ayant subi un psycho-traumatisme.<\/p>\n\n\n\n<p class=\"has-text-align-center wp-block-paragraph\" style=\"line-height:1.5\">_____________________________________________________________________<\/p>\n\n\n\n<p class=\"wp-block-paragraph\">Les termes Th\u00e9rapie Psycho-Sensorielle &#8211; TPS &#8211; ainsi que le logo, sont inscrits au Code de la propri\u00e9t\u00e9 intellectuelle &#8211; Livre VII &#8211; sous le n\u00b0 INPI 4514108. Ils ne peuvent donc pas \u00eatres utilis\u00e9s sans l&rsquo;accord du docteur Marie-Claude L\u00e9n\u00e8s.<\/p>\n\n\n\n<p class=\"has-text-align-center wp-block-paragraph\" style=\"line-height:1.5\">_____________________________________________________________________<\/p>\n\n\n\n<p class=\"wp-block-paragraph\">Toutes les informations sont sur le site :<\/p>\n\n\n<div class=\"wp-block-image\">\n<figure class=\"aligncenter size-full is-resized\"><a href=\"https:\/\/tps-formations.fr\" target=\"_blank\" rel=\"noopener\"><img data-recalc-dims=\"1\" loading=\"lazy\" decoding=\"async\" width=\"525\" height=\"171\" data-attachment-id=\"2717\" data-permalink=\"https:\/\/tps-trauma.org\/index.php\/certification-tps\/tps-formation-logo-reduit-1\/\" data-orig-file=\"https:\/\/i0.wp.com\/tps-trauma.org\/wp-content\/uploads\/2021\/09\/Tps-formation-logo-reduit-1.png?fit=681%2C222&amp;ssl=1\" data-orig-size=\"681,222\" data-comments-opened=\"1\" data-image-meta=\"{&quot;aperture&quot;:&quot;0&quot;,&quot;credit&quot;:&quot;&quot;,&quot;camera&quot;:&quot;&quot;,&quot;caption&quot;:&quot;&quot;,&quot;created_timestamp&quot;:&quot;0&quot;,&quot;copyright&quot;:&quot;&quot;,&quot;focal_length&quot;:&quot;0&quot;,&quot;iso&quot;:&quot;0&quot;,&quot;shutter_speed&quot;:&quot;0&quot;,&quot;title&quot;:&quot;&quot;,&quot;orientation&quot;:&quot;0&quot;}\" data-image-title=\"Tps-formation-logo-reduit-1\" data-image-description=\"\" data-image-caption=\"\" data-large-file=\"https:\/\/i0.wp.com\/tps-trauma.org\/wp-content\/uploads\/2021\/09\/Tps-formation-logo-reduit-1.png?fit=525%2C171&amp;ssl=1\" src=\"https:\/\/i0.wp.com\/tps-trauma.org\/wp-content\/uploads\/2021\/09\/Tps-formation-logo-reduit-1.png?resize=525%2C171&#038;ssl=1\" alt=\"\" class=\"wp-image-2717\" style=\"width:511px;height:167px\" srcset=\"https:\/\/i0.wp.com\/tps-trauma.org\/wp-content\/uploads\/2021\/09\/Tps-formation-logo-reduit-1.png?w=681&amp;ssl=1 681w, https:\/\/i0.wp.com\/tps-trauma.org\/wp-content\/uploads\/2021\/09\/Tps-formation-logo-reduit-1.png?resize=300%2C98&amp;ssl=1 300w\" sizes=\"auto, (max-width: 525px) 100vw, 525px\" \/><\/a><\/figure>\n<\/div>\n\n\n<p class=\"wp-block-paragraph\"><\/p>\n","protected":false},"excerpt":{"rendered":"<p>La Th\u00e9rapie Psycho-Sensorielle est une m\u00e9thode originale, mise au point par le docteur Marie-Claude L\u00e9n\u00e8s depuis le d\u00e9but des ann\u00e9es 2000. Elle est issue de ses connaissances th\u00e9oriques et de ses observations cliniques.La TPS est une th\u00e9rapie br\u00e8ve, des r\u00e9sultats significatifs sont observ\u00e9s en deux ou trois s\u00e9ances. Personnes concern\u00e9es :&nbsp;psychiatres, m\u00e9decins, psychologues, infirmiers, th\u00e9rapeutes, &hellip; <\/p>\n<p class=\"link-more\"><a href=\"https:\/\/tps-trauma.org\/index.php\/certification-tps\/\" class=\"more-link\">Continuer la lecture<span class=\"screen-reader-text\"> de &laquo;&nbsp;CERTIFICATION TPS&nbsp;&raquo;<\/span><\/a><\/p>\n","protected":false},"author":1,"featured_media":0,"parent":0,"menu_order":0,"comment_status":"closed","ping_status":"closed","template":"","meta":{"_crdt_document":"","_uf_show_specific_survey":0,"_uf_disable_surveys":false,"jetpack_post_was_ever_published":false,"footnotes":""},"class_list":["post-2469","page","type-page","status-publish","hentry"],"aioseo_notices":[],"jetpack_sharing_enabled":true,"jetpack_shortlink":"https:\/\/wp.me\/PajXwX-DP","jetpack-related-posts":[],"_links":{"self":[{"href":"https:\/\/tps-trauma.org\/index.php\/wp-json\/wp\/v2\/pages\/2469","targetHints":{"allow":["GET"]}}],"collection":[{"href":"https:\/\/tps-trauma.org\/index.php\/wp-json\/wp\/v2\/pages"}],"about":[{"href":"https:\/\/tps-trauma.org\/index.php\/wp-json\/wp\/v2\/types\/page"}],"author":[{"embeddable":true,"href":"https:\/\/tps-trauma.org\/index.php\/wp-json\/wp\/v2\/users\/1"}],"replies":[{"embeddable":true,"href":"https:\/\/tps-trauma.org\/index.php\/wp-json\/wp\/v2\/comments?post=2469"}],"version-history":[{"count":18,"href":"https:\/\/tps-trauma.org\/index.php\/wp-json\/wp\/v2\/pages\/2469\/revisions"}],"predecessor-version":[{"id":3048,"href":"https:\/\/tps-trauma.org\/index.php\/wp-json\/wp\/v2\/pages\/2469\/revisions\/3048"}],"wp:attachment":[{"href":"https:\/\/tps-trauma.org\/index.php\/wp-json\/wp\/v2\/media?parent=2469"}],"curies":[{"name":"wp","href":"https:\/\/api.w.org\/{rel}","templated":true}]}}