{"id":2556,"date":"2020-10-05T16:20:25","date_gmt":"2020-10-05T14:20:25","guid":{"rendered":"https:\/\/tps-trauma.org\/?page_id=2556"},"modified":"2020-11-07T16:22:10","modified_gmt":"2020-11-07T15:22:10","slug":"preface-du-professeur-zacarias-duarte-castellon","status":"publish","type":"page","link":"https:\/\/tps-trauma.org\/index.php\/preface-du-professeur-zacarias-duarte-castellon\/","title":{"rendered":"Pr\u00e9face du Professeur Zacarias DUARTE CASTELLON"},"content":{"rendered":"\n<p class=\"wp-block-paragraph\"><strong>Managua, le 26 ao\u00fbt 2020<\/strong><\/p>\n\n\n\n<p class=\"wp-block-paragraph\">J\u2019ai rencontr\u00e9 le Dr Marie-Claude L\u00e9n\u00e8s, auteure de cet excellent livre sur la Th\u00e9rapie Psycho-Sensorielle pour traiter les blessures psychiques caus\u00e9es par la violence, il y a plus de 10 ans, \u00e0 la Facult\u00e9 de M\u00e9decine de l\u2019Universit\u00e9 de Montpellier, en France.<\/p>\n\n\n\n<p class=\"wp-block-paragraph\">Cette premi\u00e8re rencontre avec le Dr Marie-Claude L\u00e9n\u00e8s a \u00e9t\u00e9 absolument r\u00e9v\u00e9latrice, j\u2019ai trouv\u00e9 les r\u00e9ponses que je cherchais depuis plusieurs ann\u00e9es.<\/p>\n\n\n\n<p class=\"wp-block-paragraph\">En tant que Directeur G\u00e9n\u00e9ral de l\u2019Institut de M\u00e9decine L\u00e9gale de la Cour Supr\u00eame de Justice du Nicaragua, j\u2019ai constat\u00e9 qu\u2019un grand nombre de personnes soumises \u00e0 diff\u00e9rentes formes de violence n\u2019avaient pas de blessures physiques ; l\u2019absence de cette \u00e9vidence anatomique entra\u00eenait que des crimes graves ne pouvaient pas \u00eatre d\u00e9montr\u00e9s, tels que ceux d\u2019origine sexuelle ; les crimes restaient en toute impunit\u00e9, les criminels libres et les victimes sans acc\u00e8s \u00e0 la justice et sans assistance.<\/p>\n\n\n\n<p class=\"wp-block-paragraph\">D\u00e8s cette premi\u00e8re fois, dans une classe \u00e0 la Facult\u00e9 de m\u00e9decine de Montpellier, j\u2019ai entendu le Dr Marie-Claude L\u00e9n\u00e8s parler en termes simples, clairs et approfondis sur le stress et le traumatisme psychique, sur leurs diff\u00e9rences, leurs manifestations cliniques au moment m\u00eame de la violence, dans le post-imm\u00e9diat, \u00e0 court terme et \u00e0 long terme. Cela m\u2019a donn\u00e9 la certitude m\u00e9dicale que la Psycho-traumatologie est la science pouvant fournir des preuves scientifiques pour d\u00e9montrer des crimes, en l\u2019absence de blessures physiques.<\/p>\n\n\n\n<p class=\"wp-block-paragraph\">Le Dr Marie-Claude L\u00e9n\u00e8s a partag\u00e9 ses connaissances et exp\u00e9riences de toute une vie professionnelle d\u00e9di\u00e9e \u00e0 la Psycho-traumatologie, avec des m\u00e9decins, des psychiatres, des psychologues, des avocats, des \u00e9tudiants de nombreux pays d\u2019Europe, d\u2019Afrique et d\u2019Am\u00e9rique, dont le Nicaragua. Les fruits de cette g\u00e9n\u00e9reuse collaboration sont les milliers de victimes de violence qui ont acc\u00e8s \u00e0 la justice et la possibilit\u00e9 r\u00e9elle de reconstruire leur vie, gu\u00e9rir de leurs blessures et vivre en paix.<\/p>\n\n\n\n<p class=\"wp-block-paragraph\">Ce livre, Th\u00e9rapie Psycho-Sensorielle, a suscit\u00e9 un grand int\u00e9r\u00eat de ma part, car il aborde, dans un langage facile \u00e0 comprendre, m\u00eame pour ceux qui ne sont pas sp\u00e9cialistes du sujet, les diverses manifestations cliniques provoqu\u00e9es par des \u00e9v\u00e9nements violents, lesquelles p\u00e9n\u00e8trent dans l\u2019int\u00e9rieur de l&rsquo;appareil psychique \u00e0 la mani\u00e8re d\u2019un corps \u00e9tranger, pouvant d\u00e9clencher des graves troubles dans la sant\u00e9 et dans la vie des victimes de violence.<\/p>\n\n\n\n<p class=\"wp-block-paragraph\">Le Dr Marie-Claude L\u00e9n\u00e8s partage dans son livre les r\u00e9sultats de ses recherches et de son exp\u00e9rience clinique de plus de 40 ans sur le traumatisme psychique et propose une th\u00e9rapie nouvelle et efficace pour gu\u00e9rir les blessures psychiques caus\u00e9es par la violence chez une personne, soit enfant, adolescent ou adulte.<\/p>\n\n\n\n<p class=\"wp-block-paragraph\">Cet ouvrage doit \u00eatre lu et consult\u00e9 par tous ceux qui s\u2019int\u00e9ressent aux victimes de violence, car dans ses pages nous allons trouver l\u2019information qui nous permettra de comprendre les diff\u00e9rentes expressions cliniques du Traumatisme Psychique, d\u2019\u00e9tablir leur diagnostic pr\u00e9coce et comment le traiter efficacement en utilisant la Th\u00e9rapie Psycho-Sensorielle.<\/p>\n\n\n\n<p class=\"wp-block-paragraph\">J\u2019appr\u00e9cie cet espace qui m\u2019a permis de partager avec les lecteurs mon opinion et les sentiments g\u00e9n\u00e9r\u00e9s par ce livre, ainsi que de f\u00e9liciter son auteure, le Dr Marie-Claude L\u00e9n\u00e8s, pour son excellent travail.<\/p>\n\n\n\n<div class=\"wp-block-group\"><div class=\"wp-block-group__inner-container is-layout-flow wp-block-group-is-layout-flow\">\n<p class=\"has-text-align-right wp-block-paragraph\"><strong>Zacarias DUARTE-CASTELLON<\/strong><br>Directeur G\u00e9n\u00e9ral de l\u2019Institut de M\u00e9decine L\u00e9gale de la Cour Supr\u00eame de Justice du Nicaragua<br>Dipl\u00f4me de Docteur de l\u2019Universit\u00e9 Paris XI<br>Doctor en Medicina y Cirug\u00eda, Universidad Naciona Aut\u00f3noma de Nicaragua<br>Especialista en Patolog\u00eda, Universidad Naciona Aut\u00f3noma de Nicaragua<br>Especialista en Medicina Forense, Universidad Cat\u00f3lica \u201cRedemptoris M\u00e1ter\u201d, Nicaragua<br><br><\/p>\n\n\n\n<p class=\"has-text-align-right wp-block-paragraph\"><\/p>\n<\/div><\/div>\n","protected":false},"excerpt":{"rendered":"<p>Managua, le 26 ao\u00fbt 2020 J\u2019ai rencontr\u00e9 le Dr Marie-Claude L\u00e9n\u00e8s, auteure de cet excellent livre sur la Th\u00e9rapie Psycho-Sensorielle pour traiter les blessures psychiques caus\u00e9es par la violence, il y a plus de 10 ans, \u00e0 la Facult\u00e9 de M\u00e9decine de l\u2019Universit\u00e9 de Montpellier, en France. Cette premi\u00e8re rencontre avec le Dr Marie-Claude L\u00e9n\u00e8s &hellip; <\/p>\n<p class=\"link-more\"><a href=\"https:\/\/tps-trauma.org\/index.php\/preface-du-professeur-zacarias-duarte-castellon\/\" class=\"more-link\">Continuer la lecture<span class=\"screen-reader-text\"> de &laquo;&nbsp;Pr\u00e9face du Professeur Zacarias DUARTE CASTELLON&nbsp;&raquo;<\/span><\/a><\/p>\n","protected":false},"author":1,"featured_media":0,"parent":0,"menu_order":0,"comment_status":"closed","ping_status":"closed","template":"","meta":{"_crdt_document":"","_uf_show_specific_survey":0,"_uf_disable_surveys":false,"jetpack_post_was_ever_published":false,"footnotes":""},"class_list":["post-2556","page","type-page","status-publish","hentry"],"aioseo_notices":[],"jetpack_sharing_enabled":true,"jetpack_shortlink":"https:\/\/wp.me\/PajXwX-Fe","jetpack-related-posts":[],"_links":{"self":[{"href":"https:\/\/tps-trauma.org\/index.php\/wp-json\/wp\/v2\/pages\/2556","targetHints":{"allow":["GET"]}}],"collection":[{"href":"https:\/\/tps-trauma.org\/index.php\/wp-json\/wp\/v2\/pages"}],"about":[{"href":"https:\/\/tps-trauma.org\/index.php\/wp-json\/wp\/v2\/types\/page"}],"author":[{"embeddable":true,"href":"https:\/\/tps-trauma.org\/index.php\/wp-json\/wp\/v2\/users\/1"}],"replies":[{"embeddable":true,"href":"https:\/\/tps-trauma.org\/index.php\/wp-json\/wp\/v2\/comments?post=2556"}],"version-history":[{"count":3,"href":"https:\/\/tps-trauma.org\/index.php\/wp-json\/wp\/v2\/pages\/2556\/revisions"}],"predecessor-version":[{"id":2595,"href":"https:\/\/tps-trauma.org\/index.php\/wp-json\/wp\/v2\/pages\/2556\/revisions\/2595"}],"wp:attachment":[{"href":"https:\/\/tps-trauma.org\/index.php\/wp-json\/wp\/v2\/media?parent=2556"}],"curies":[{"name":"wp","href":"https:\/\/api.w.org\/{rel}","templated":true}]}}