{"id":2775,"date":"2021-11-15T14:09:38","date_gmt":"2021-11-15T13:09:38","guid":{"rendered":"https:\/\/tps-trauma.org\/?page_id=2775"},"modified":"2021-11-15T14:45:25","modified_gmt":"2021-11-15T13:45:25","slug":"tps-formations","status":"publish","type":"page","link":"https:\/\/tps-trauma.org\/index.php\/tps-formations\/","title":{"rendered":"TPS-Formations"},"content":{"rendered":"\n<p class=\"wp-block-paragraph\">Pour tout savoir et pour vous inscrire aux prochains stages, rendez-vous sur le site sp\u00e9cifique de la formation TPS : <a href=\"https:\/\/tps-formations.fr\" target=\"_blank\" rel=\"noreferrer noopener\">https:\/\/tps-formations.fr<\/a><\/p>\n\n\n\n<p class=\"has-text-align-center wp-block-paragraph\" style=\"font-size:1px\"><\/p>\n\n\n\n<div class=\"wp-block-image\"><figure class=\"aligncenter size-full is-resized\"><a href=\"https:\/\/tps-formations.fr\" target=\"_blank\" rel=\"noopener\"><img data-recalc-dims=\"1\" decoding=\"async\" data-attachment-id=\"2795\" data-permalink=\"https:\/\/tps-trauma.org\/tps-formation-logo-reduit-1-2\/\" data-orig-file=\"https:\/\/i0.wp.com\/tps-trauma.org\/wp-content\/uploads\/2021\/11\/Tps-formation-logo-reduit-1-edited.png?fit=680%2C222&amp;ssl=1\" data-orig-size=\"680,222\" data-comments-opened=\"1\" data-image-meta=\"{&quot;aperture&quot;:&quot;0&quot;,&quot;credit&quot;:&quot;&quot;,&quot;camera&quot;:&quot;&quot;,&quot;caption&quot;:&quot;&quot;,&quot;created_timestamp&quot;:&quot;0&quot;,&quot;copyright&quot;:&quot;&quot;,&quot;focal_length&quot;:&quot;0&quot;,&quot;iso&quot;:&quot;0&quot;,&quot;shutter_speed&quot;:&quot;0&quot;,&quot;title&quot;:&quot;&quot;,&quot;orientation&quot;:&quot;0&quot;}\" data-image-title=\"Tps-formation-logo-reduit-1\" data-image-description=\"\" data-image-caption=\"\" data-large-file=\"https:\/\/i0.wp.com\/tps-trauma.org\/wp-content\/uploads\/2021\/11\/Tps-formation-logo-reduit-1-edited.png?fit=525%2C171&amp;ssl=1\" src=\"https:\/\/i0.wp.com\/tps-trauma.org\/wp-content\/uploads\/2021\/11\/Tps-formation-logo-reduit-1-edited.png?w=343&#038;ssl=1\" alt=\"Allez sur le site sp\u00e9cifique des formations \u00e0 la Th\u00e9rapie Psycho-Sensorielle en cliquant ici\" class=\"wp-image-2795\"  srcset=\"https:\/\/i0.wp.com\/tps-trauma.org\/wp-content\/uploads\/2021\/11\/Tps-formation-logo-reduit-1-edited.png?w=680&amp;ssl=1 680w, https:\/\/i0.wp.com\/tps-trauma.org\/wp-content\/uploads\/2021\/11\/Tps-formation-logo-reduit-1-edited.png?resize=300%2C98&amp;ssl=1 300w\" sizes=\"(max-width: 525px) 100vw, 525px\" \/><\/a><\/figure><\/div>\n\n\n\n<p class=\"wp-block-paragraph\"><\/p>\n","protected":false},"excerpt":{"rendered":"<p>Pour tout savoir et pour vous inscrire aux prochains stages, rendez-vous sur le site sp\u00e9cifique de la formation TPS : https:\/\/tps-formations.fr<\/p>\n","protected":false},"author":1,"featured_media":0,"parent":0,"menu_order":0,"comment_status":"closed","ping_status":"closed","template":"","meta":{"_crdt_document":"","_uf_show_specific_survey":0,"_uf_disable_surveys":false,"jetpack_post_was_ever_published":false,"footnotes":""},"class_list":["post-2775","page","type-page","status-publish","hentry"],"aioseo_notices":[],"jetpack_sharing_enabled":true,"jetpack_shortlink":"https:\/\/wp.me\/PajXwX-IL","jetpack-related-posts":[],"_links":{"self":[{"href":"https:\/\/tps-trauma.org\/index.php\/wp-json\/wp\/v2\/pages\/2775","targetHints":{"allow":["GET"]}}],"collection":[{"href":"https:\/\/tps-trauma.org\/index.php\/wp-json\/wp\/v2\/pages"}],"about":[{"href":"https:\/\/tps-trauma.org\/index.php\/wp-json\/wp\/v2\/types\/page"}],"author":[{"embeddable":true,"href":"https:\/\/tps-trauma.org\/index.php\/wp-json\/wp\/v2\/users\/1"}],"replies":[{"embeddable":true,"href":"https:\/\/tps-trauma.org\/index.php\/wp-json\/wp\/v2\/comments?post=2775"}],"version-history":[{"count":11,"href":"https:\/\/tps-trauma.org\/index.php\/wp-json\/wp\/v2\/pages\/2775\/revisions"}],"predecessor-version":[{"id":2796,"href":"https:\/\/tps-trauma.org\/index.php\/wp-json\/wp\/v2\/pages\/2775\/revisions\/2796"}],"wp:attachment":[{"href":"https:\/\/tps-trauma.org\/index.php\/wp-json\/wp\/v2\/media?parent=2775"}],"curies":[{"name":"wp","href":"https:\/\/api.w.org\/{rel}","templated":true}]}}