{"id":428,"date":"2018-05-31T21:30:15","date_gmt":"2018-05-31T19:30:15","guid":{"rendered":"http:\/\/tps-trauma.org\/?page_id=428"},"modified":"2019-11-15T16:42:30","modified_gmt":"2019-11-15T15:42:30","slug":"publications","status":"publish","type":"page","link":"https:\/\/tps-trauma.org\/index.php\/publications\/","title":{"rendered":"Publications"},"content":{"rendered":"\n<script async src=\"https:\/\/www.googletagmanager.com\/gtag\/js?id=UA-53267311-2\"><\/script>\n<script>\n  window.dataLayer = window.dataLayer || [];\n  function gtag(){dataLayer.push(arguments);}\n  gtag('js', new Date());\n\n  gtag('config', 'UA-53267311-2');\n<\/script>\n\n\n<p>Dans cette partie, vous trouverez des articles publi\u00e9s par le docteur Marie-Claude L\u00e9n\u00e8s.<\/p>","protected":false},"excerpt":{"rendered":"<p>Dans cette partie, vous trouverez des articles publi\u00e9s par le docteur Marie-Claude L\u00e9n\u00e8s.<\/p>\n","protected":false},"author":1,"featured_media":0,"parent":0,"menu_order":0,"comment_status":"closed","ping_status":"closed","template":"","meta":{"_crdt_document":"","_uf_show_specific_survey":0,"_uf_disable_surveys":false,"jetpack_post_was_ever_published":false,"footnotes":""},"class_list":["post-428","page","type-page","status-publish","hentry"],"aioseo_notices":[],"jetpack_sharing_enabled":true,"jetpack_shortlink":"https:\/\/wp.me\/PajXwX-6U","jetpack-related-posts":[],"_links":{"self":[{"href":"https:\/\/tps-trauma.org\/index.php\/wp-json\/wp\/v2\/pages\/428","targetHints":{"allow":["GET"]}}],"collection":[{"href":"https:\/\/tps-trauma.org\/index.php\/wp-json\/wp\/v2\/pages"}],"about":[{"href":"https:\/\/tps-trauma.org\/index.php\/wp-json\/wp\/v2\/types\/page"}],"author":[{"embeddable":true,"href":"https:\/\/tps-trauma.org\/index.php\/wp-json\/wp\/v2\/users\/1"}],"replies":[{"embeddable":true,"href":"https:\/\/tps-trauma.org\/index.php\/wp-json\/wp\/v2\/comments?post=428"}],"version-history":[{"count":2,"href":"https:\/\/tps-trauma.org\/index.php\/wp-json\/wp\/v2\/pages\/428\/revisions"}],"predecessor-version":[{"id":2335,"href":"https:\/\/tps-trauma.org\/index.php\/wp-json\/wp\/v2\/pages\/428\/revisions\/2335"}],"wp:attachment":[{"href":"https:\/\/tps-trauma.org\/index.php\/wp-json\/wp\/v2\/media?parent=428"}],"curies":[{"name":"wp","href":"https:\/\/api.w.org\/{rel}","templated":true}]}}