{"id":432,"date":"2018-05-31T21:40:19","date_gmt":"2018-05-31T19:40:19","guid":{"rendered":"http:\/\/tps-trauma.org\/?page_id=432"},"modified":"2022-06-20T16:57:51","modified_gmt":"2022-06-20T14:57:51","slug":"dessine-moi-ta-souffrance","status":"publish","type":"page","link":"https:\/\/tps-trauma.org\/index.php\/dessine-moi-ta-souffrance\/","title":{"rendered":"Dessine-moi ta souffrance"},"content":{"rendered":"\n<script async=\"\" src=\"https:\/\/www.googletagmanager.com\/gtag\/js?id=UA-53267311-2\"><\/script>\n<script>\n  window.dataLayer = window.dataLayer || [];\n  function gtag(){dataLayer.push(arguments);}\n  gtag('js', new Date());\n\n  gtag('config', 'UA-53267311-2');\n<\/script>\n\n\n<p>Cette \u00e9tude de psychologie clinique concerne 43 enfants du Kosovo \u00e2g\u00e9s de 8 \u00e0 13 ans, elle est parue dans Synapse, Journal de Psychiatrie et Syst\u00e8me Nerveux Central n\u00b0 166 &#8211; mai 2000 &#8211; Page 11 \u00e0 21.<\/p>\n<p>R\u00e9alis\u00e9e dans un camp de Tirana (Albanie) en mai 1999, ses r\u00e9sultats ont \u00e9t\u00e9 confirm\u00e9s par un travail similaire dans les camps de r\u00e9fugi\u00e9s en France et en juillet 1999 \u00e0 El Bassan (Albanie).<\/p>\n<p><a href=\"https:\/\/tps-trauma.org\/wp-content\/uploads\/2018\/05\/dessine_moi_ta_souffrance.pdf\" target=\"_blank\" rel=\"noopener\">dessine_moi_ta_souffrance<\/a><\/p>","protected":false},"excerpt":{"rendered":"<p>Cette \u00e9tude de psychologie clinique concerne 43 enfants du Kosovo \u00e2g\u00e9s de 8 \u00e0 13 ans, elle est parue dans Synapse, Journal de Psychiatrie et Syst\u00e8me Nerveux Central n\u00b0 166 &#8211; mai 2000 &#8211; Page 11 \u00e0 21. R\u00e9alis\u00e9e dans un camp de Tirana (Albanie) en mai 1999, ses r\u00e9sultats ont \u00e9t\u00e9 confirm\u00e9s par un &hellip; <\/p>\n<p class=\"link-more\"><a href=\"https:\/\/tps-trauma.org\/index.php\/dessine-moi-ta-souffrance\/\" class=\"more-link\">Continuer la lecture<span class=\"screen-reader-text\"> de &laquo;&nbsp;Dessine-moi ta souffrance&nbsp;&raquo;<\/span><\/a><\/p>\n","protected":false},"author":1,"featured_media":0,"parent":0,"menu_order":0,"comment_status":"closed","ping_status":"closed","template":"","meta":{"_crdt_document":"","_uf_show_specific_survey":0,"_uf_disable_surveys":false,"jetpack_post_was_ever_published":false,"footnotes":""},"class_list":["post-432","page","type-page","status-publish","hentry"],"aioseo_notices":[],"jetpack_sharing_enabled":true,"jetpack_shortlink":"https:\/\/wp.me\/PajXwX-6Y","jetpack-related-posts":[],"_links":{"self":[{"href":"https:\/\/tps-trauma.org\/index.php\/wp-json\/wp\/v2\/pages\/432","targetHints":{"allow":["GET"]}}],"collection":[{"href":"https:\/\/tps-trauma.org\/index.php\/wp-json\/wp\/v2\/pages"}],"about":[{"href":"https:\/\/tps-trauma.org\/index.php\/wp-json\/wp\/v2\/types\/page"}],"author":[{"embeddable":true,"href":"https:\/\/tps-trauma.org\/index.php\/wp-json\/wp\/v2\/users\/1"}],"replies":[{"embeddable":true,"href":"https:\/\/tps-trauma.org\/index.php\/wp-json\/wp\/v2\/comments?post=432"}],"version-history":[{"count":10,"href":"https:\/\/tps-trauma.org\/index.php\/wp-json\/wp\/v2\/pages\/432\/revisions"}],"predecessor-version":[{"id":2868,"href":"https:\/\/tps-trauma.org\/index.php\/wp-json\/wp\/v2\/pages\/432\/revisions\/2868"}],"wp:attachment":[{"href":"https:\/\/tps-trauma.org\/index.php\/wp-json\/wp\/v2\/media?parent=432"}],"curies":[{"name":"wp","href":"https:\/\/api.w.org\/{rel}","templated":true}]}}