{"id":436,"date":"2018-05-31T21:58:58","date_gmt":"2018-05-31T19:58:58","guid":{"rendered":"http:\/\/tps-trauma.org\/?page_id=436"},"modified":"2022-06-20T17:01:32","modified_gmt":"2022-06-20T15:01:32","slug":"la-trace-sensorielle-du-trauma-dans-les-dessins-denfants-victimes","status":"publish","type":"page","link":"https:\/\/tps-trauma.org\/index.php\/la-trace-sensorielle-du-trauma-dans-les-dessins-denfants-victimes\/","title":{"rendered":"La trace sensorielle du trauma dans les dessins d\u2019enfants victimes"},"content":{"rendered":"\n<script async=\"\" src=\"https:\/\/www.googletagmanager.com\/gtag\/js?id=UA-53267311-2\"><\/script>\n<script>\n  window.dataLayer = window.dataLayer || [];\n  function gtag(){dataLayer.push(arguments);}\n  gtag('js', new Date());\n\n  gtag('config', 'UA-53267311-2');\n<\/script>\n\n\n<p>Ce sujet a fait l&rsquo;objet d&rsquo;une d&rsquo;une pr\u00e9sentation\u00a0par le Docteur Marie-Claude L\u00e9n\u00e8s au Congr\u00e8s de Montr\u00e9al le 8 Ao\u00fbt 2000 :<\/p>\n<p>Conf\u00e9rence \u2013 Atelier\u00a0<em>\u00abLes traces de la victimisation chez les enfants\u00bb<\/em><\/p>\n<p><strong>X\u00b0 International Symposium on Victimology \u2013 Beyond Boundaries \u2013 Research and Action for the Third Millennium<\/strong>\u00a0\u2013 5 au 11 ao\u00fbt 2000 \u2013 Palais des Congr\u00e8s \u2013 Montr\u00e9al &#8211;\u00a0<strong>Canada<\/strong><\/p>\n<p>L&rsquo;article ci-dessous :\u00a0<em>\u00abLa trace sensorielle du trauma dans les dessins d\u2019enfants victimes\u00bb a \u00e9t\u00e9 publi\u00e9 dans<\/em>\u00a0<strong>La Revue Francophone du Stress et du Trauma<\/strong>\u00a0\u2013 n\u00b0 2 \u2013 F\u00e9vrier 2001 &#8211; Paris<\/p>\n<p><a href=\"http:\/\/tps-trauma.org\/wp-content\/uploads\/2018\/05\/trace-sensorielle-trauma-dessins.pdf\" target=\"_blank\" rel=\"noopener\">Trace sensorielle trauma dessins<\/a><\/p>","protected":false},"excerpt":{"rendered":"<p>Ce sujet a fait l&rsquo;objet d&rsquo;une d&rsquo;une pr\u00e9sentation\u00a0par le Docteur Marie-Claude L\u00e9n\u00e8s au Congr\u00e8s de Montr\u00e9al le 8 Ao\u00fbt 2000 : Conf\u00e9rence \u2013 Atelier\u00a0\u00abLes traces de la victimisation chez les enfants\u00bb X\u00b0 International Symposium on Victimology \u2013 Beyond Boundaries \u2013 Research and Action for the Third Millennium\u00a0\u2013 5 au 11 ao\u00fbt 2000 \u2013 Palais des &hellip; <\/p>\n<p class=\"link-more\"><a href=\"https:\/\/tps-trauma.org\/index.php\/la-trace-sensorielle-du-trauma-dans-les-dessins-denfants-victimes\/\" class=\"more-link\">Continuer la lecture<span class=\"screen-reader-text\"> de &laquo;&nbsp;La trace sensorielle du trauma dans les dessins d\u2019enfants victimes&nbsp;&raquo;<\/span><\/a><\/p>\n","protected":false},"author":1,"featured_media":0,"parent":0,"menu_order":0,"comment_status":"closed","ping_status":"closed","template":"","meta":{"_crdt_document":"","_uf_show_specific_survey":0,"_uf_disable_surveys":false,"jetpack_post_was_ever_published":false,"footnotes":""},"class_list":["post-436","page","type-page","status-publish","hentry"],"aioseo_notices":[],"jetpack_sharing_enabled":true,"jetpack_shortlink":"https:\/\/wp.me\/PajXwX-72","jetpack-related-posts":[],"_links":{"self":[{"href":"https:\/\/tps-trauma.org\/index.php\/wp-json\/wp\/v2\/pages\/436","targetHints":{"allow":["GET"]}}],"collection":[{"href":"https:\/\/tps-trauma.org\/index.php\/wp-json\/wp\/v2\/pages"}],"about":[{"href":"https:\/\/tps-trauma.org\/index.php\/wp-json\/wp\/v2\/types\/page"}],"author":[{"embeddable":true,"href":"https:\/\/tps-trauma.org\/index.php\/wp-json\/wp\/v2\/users\/1"}],"replies":[{"embeddable":true,"href":"https:\/\/tps-trauma.org\/index.php\/wp-json\/wp\/v2\/comments?post=436"}],"version-history":[{"count":5,"href":"https:\/\/tps-trauma.org\/index.php\/wp-json\/wp\/v2\/pages\/436\/revisions"}],"predecessor-version":[{"id":2869,"href":"https:\/\/tps-trauma.org\/index.php\/wp-json\/wp\/v2\/pages\/436\/revisions\/2869"}],"wp:attachment":[{"href":"https:\/\/tps-trauma.org\/index.php\/wp-json\/wp\/v2\/media?parent=436"}],"curies":[{"name":"wp","href":"https:\/\/api.w.org\/{rel}","templated":true}]}}